{"id":164,"date":"2019-12-15T20:16:34","date_gmt":"2019-12-15T20:16:34","guid":{"rendered":"http:\/\/ny.truckleie.no\/?post_type=product&#038;p=164"},"modified":"2022-09-23T09:38:54","modified_gmt":"2022-09-23T08:38:54","slug":"fd100t-mwl3-10-ton","status":"publish","type":"product","link":"https:\/\/truckleie.no\/?product=fd100t-mwl3-10-ton","title":{"rendered":"MAXIMAL FD100T-MWL3-10 Ton"},"content":{"rendered":"<p>MAXIMAL Dieseltruck Stortruck FD100T-MWL3. Meget robust 10 tonner med sv\u00e6rt lav byggeh\u00f8yde. Med triplex mast og fullt fril\u00f8ft f\u00e5r du lasten helt opp i bygg med lav takh\u00f8yde. Videooverv\u00e5king forover\/bakover. Vektm\u00e5ler<\/p>\n<ul>\n<li>Driftssikker Cummins QSB Diesel<\/li>\n<li>TFM450\u00a0 \u2013 4,5 Mtr Triplex mast med fril\u00f8ft<\/li>\n<li>Lastesenter 600 mm (L\u00f8fter ca 18 tonn @ null)<\/li>\n<li>Integrert Sideskift og spreder<\/li>\n<li>Videooverv\u00e5king<\/li>\n<li>Vektm\u00e5ler<\/li>\n<li>Lukket hytte med varmeapparat<\/li>\n<li>Byggeh\u00f8yde: 2850 mm<\/li>\n<li>Bredde: 2248 mm<\/li>\n<li>Lengde: 4260 mm til gaffelbord<\/li>\n<li>Svingradius: 3900 mm<\/li>\n<\/ul>\n","protected":false},"excerpt":{"rendered":"<p>Korttidsleie fra 1 dag til 24 mnd. Det perfekte valget for tunge l\u00f8ft og lave innkj\u00f8ringsh\u00f8yder. Spar plass og penger. Be om til bud eks mva FOB Lager. Ta kontakt for spesialtilbud for leie over lengre perioder eller andre behov.<\/p>\n","protected":false},"featured_media":166,"template":"","meta":[],"product_brand":[],"product_cat":[23,24],"product_tag":[38,19,37],"class_list":{"0":"post-164","1":"product","2":"type-product","3":"status-publish","4":"has-post-thumbnail","6":"product_cat-dieseltrucker","7":"product_cat-gaffeltrucker","8":"product_tag-containertruck","9":"product_tag-dieseltruck","10":"product_tag-stortruck","12":"first","13":"instock","14":"taxable","15":"shipping-taxable","16":"product-type-simple"},"yoast_head":"<!-- This site is optimized with the Yoast SEO Premium plugin v27.0 (Yoast SEO v27.3) - https:\/\/yoast.com\/product\/yoast-seo-premium-wordpress\/ -->\n<title>MAXIMAL FD100T-MWL3-10 Ton - Truckleie - SCANLIFT<\/title>\n<meta name=\"description\" content=\"MAXIMAL FD100T med 4,5 mtr. triplex mast, fullt fril\u00f8ft, vektm\u00e5ler og video-overv\u00e5king. Kort eller langtidsleie.\" \/>\n<meta name=\"robots\" content=\"index, follow, max-snippet:-1, max-image-preview:large, max-video-preview:-1\" \/>\n<link rel=\"canonical\" href=\"https:\/\/truckleie.no\/?product=fd100t-mwl3-10-ton\" \/>\n<meta property=\"og:locale\" content=\"nb_NO\" \/>\n<meta property=\"og:type\" content=\"article\" \/>\n<meta property=\"og:title\" content=\"MAXIMAL FD100T-MWL3-10 Ton\" \/>\n<meta property=\"og:description\" content=\"MAXIMAL FD100T med 4,5 mtr. triplex mast, fullt fril\u00f8ft, vektm\u00e5ler og video-overv\u00e5king. Kort eller langtidsleie.\" \/>\n<meta property=\"og:url\" content=\"https:\/\/truckleie.no\/?product=fd100t-mwl3-10-ton\" \/>\n<meta property=\"og:site_name\" content=\"Truckleie\" \/>\n<meta property=\"article:modified_time\" content=\"2022-09-23T08:38:54+00:00\" \/>\n<meta property=\"og:image\" content=\"https:\/\/truckleie.no\/wp-content\/uploads\/2019\/12\/DSC01290.jpg\" \/>\n\t<meta property=\"og:image:width\" content=\"2377\" \/>\n\t<meta property=\"og:image:height\" content=\"1911\" \/>\n\t<meta property=\"og:image:type\" content=\"image\/jpeg\" \/>\n<meta name=\"twitter:card\" content=\"summary_large_image\" \/>\n<meta name=\"twitter:label1\" content=\"Pris\" \/>\n\t<meta name=\"twitter:data1\" content=\"\" \/>\n\t<meta name=\"twitter:label2\" content=\"Availability\" \/>\n\t<meta name=\"twitter:data2\" content=\"In stock\" \/>\n<script type=\"application\/ld+json\" class=\"yoast-schema-graph\">{\"@context\":\"https:\\\/\\\/schema.org\",\"@graph\":[{\"@type\":\"WebPage\",\"@id\":\"https:\\\/\\\/truckleie.no\\\/?product=fd100t-mwl3-10-ton\",\"url\":\"https:\\\/\\\/truckleie.no\\\/?product=fd100t-mwl3-10-ton\",\"name\":\"MAXIMAL FD100T-MWL3-10 Ton - Truckleie - SCANLIFT\",\"isPartOf\":{\"@id\":\"https:\\\/\\\/truckleie.no\\\/#website\"},\"primaryImageOfPage\":{\"@id\":\"https:\\\/\\\/truckleie.no\\\/?product=fd100t-mwl3-10-ton#primaryimage\"},\"image\":{\"@id\":\"https:\\\/\\\/truckleie.no\\\/?product=fd100t-mwl3-10-ton#primaryimage\"},\"thumbnailUrl\":\"https:\\\/\\\/i0.wp.com\\\/truckleie.no\\\/wp-content\\\/uploads\\\/2019\\\/12\\\/DSC01290.jpg?fit=2377%2C1911&ssl=1\",\"datePublished\":\"2019-12-15T20:16:34+00:00\",\"dateModified\":\"2022-09-23T08:38:54+00:00\",\"description\":\"MAXIMAL FD100T med 4,5 mtr. triplex mast, fullt fril\u00f8ft, vektm\u00e5ler og video-overv\u00e5king. Kort eller langtidsleie.\",\"breadcrumb\":{\"@id\":\"https:\\\/\\\/truckleie.no\\\/?product=fd100t-mwl3-10-ton#breadcrumb\"},\"inLanguage\":\"nb-NO\",\"potentialAction\":[{\"@type\":\"ReadAction\",\"target\":[\"https:\\\/\\\/truckleie.no\\\/?product=fd100t-mwl3-10-ton\"]}]},{\"@type\":\"ImageObject\",\"inLanguage\":\"nb-NO\",\"@id\":\"https:\\\/\\\/truckleie.no\\\/?product=fd100t-mwl3-10-ton#primaryimage\",\"url\":\"https:\\\/\\\/i0.wp.com\\\/truckleie.no\\\/wp-content\\\/uploads\\\/2019\\\/12\\\/DSC01290.jpg?fit=2377%2C1911&ssl=1\",\"contentUrl\":\"https:\\\/\\\/i0.wp.com\\\/truckleie.no\\\/wp-content\\\/uploads\\\/2019\\\/12\\\/DSC01290.jpg?fit=2377%2C1911&ssl=1\",\"width\":2377,\"height\":1911,\"caption\":\"stortruck\"},{\"@type\":\"BreadcrumbList\",\"@id\":\"https:\\\/\\\/truckleie.no\\\/?product=fd100t-mwl3-10-ton#breadcrumb\",\"itemListElement\":[{\"@type\":\"ListItem\",\"position\":1,\"name\":\"Truckleie\",\"item\":\"https:\\\/\\\/truckleie.no\\\/?page_id=1768\"},{\"@type\":\"ListItem\",\"position\":2,\"name\":\"Butikk\",\"item\":\"https:\\\/\\\/truckleie.no\\\/?page_id=6\"},{\"@type\":\"ListItem\",\"position\":3,\"name\":\"Gaffeltrucker\",\"item\":\"https:\\\/\\\/truckleie.no\\\/?product_cat=gaffeltrucker\"},{\"@type\":\"ListItem\",\"position\":4,\"name\":\"Dieseltrucker\",\"item\":\"https:\\\/\\\/truckleie.no\\\/?product_cat=dieseltrucker\"},{\"@type\":\"ListItem\",\"position\":5,\"name\":\"MAXIMAL FD100T-MWL3-10 Ton\"}]},{\"@type\":\"WebSite\",\"@id\":\"https:\\\/\\\/truckleie.no\\\/#website\",\"url\":\"https:\\\/\\\/truckleie.no\\\/\",\"name\":\"Truckleie\",\"description\":\"SCANLIFT leier ut l\u00f8ftemateriell for transport og logistikk\",\"publisher\":{\"@id\":\"https:\\\/\\\/truckleie.no\\\/#organization\"},\"potentialAction\":[{\"@type\":\"SearchAction\",\"target\":{\"@type\":\"EntryPoint\",\"urlTemplate\":\"https:\\\/\\\/truckleie.no\\\/?s={search_term_string}\"},\"query-input\":{\"@type\":\"PropertyValueSpecification\",\"valueRequired\":true,\"valueName\":\"search_term_string\"}}],\"inLanguage\":\"nb-NO\"},{\"@type\":\"Organization\",\"@id\":\"https:\\\/\\\/truckleie.no\\\/#organization\",\"name\":\"truckleie.no\",\"url\":\"https:\\\/\\\/truckleie.no\\\/\",\"logo\":{\"@type\":\"ImageObject\",\"inLanguage\":\"nb-NO\",\"@id\":\"https:\\\/\\\/truckleie.no\\\/#\\\/schema\\\/logo\\\/image\\\/\",\"url\":\"https:\\\/\\\/i0.wp.com\\\/truckleie.no\\\/wp-content\\\/uploads\\\/2019\\\/12\\\/truckleie-scaled.jpg?fit=2560%2C2249&ssl=1\",\"contentUrl\":\"https:\\\/\\\/i0.wp.com\\\/truckleie.no\\\/wp-content\\\/uploads\\\/2019\\\/12\\\/truckleie-scaled.jpg?fit=2560%2C2249&ssl=1\",\"width\":2560,\"height\":2249,\"caption\":\"truckleie.no\"},\"image\":{\"@id\":\"https:\\\/\\\/truckleie.no\\\/#\\\/schema\\\/logo\\\/image\\\/\"}}]}<\/script>\n<meta property=\"product:price:currency\" content=\"NOK\" \/>\n<meta property=\"og:availability\" content=\"instock\" \/>\n<meta property=\"product:availability\" content=\"instock\" \/>\n<meta property=\"product:condition\" content=\"new\" \/>\n<!-- \/ Yoast SEO Premium plugin. -->","yoast_head_json":{"title":"MAXIMAL FD100T-MWL3-10 Ton - Truckleie - SCANLIFT","description":"MAXIMAL FD100T med 4,5 mtr. triplex mast, fullt fril\u00f8ft, vektm\u00e5ler og video-overv\u00e5king. Kort eller langtidsleie.","robots":{"index":"index","follow":"follow","max-snippet":"max-snippet:-1","max-image-preview":"max-image-preview:large","max-video-preview":"max-video-preview:-1"},"canonical":"https:\/\/truckleie.no\/?product=fd100t-mwl3-10-ton","og_locale":"nb_NO","og_type":"article","og_title":"MAXIMAL FD100T-MWL3-10 Ton","og_description":"MAXIMAL FD100T med 4,5 mtr. triplex mast, fullt fril\u00f8ft, vektm\u00e5ler og video-overv\u00e5king. Kort eller langtidsleie.","og_url":"https:\/\/truckleie.no\/?product=fd100t-mwl3-10-ton","og_site_name":"Truckleie","article_modified_time":"2022-09-23T08:38:54+00:00","og_image":[{"width":2377,"height":1911,"url":"https:\/\/truckleie.no\/wp-content\/uploads\/2019\/12\/DSC01290.jpg","type":"image\/jpeg"}],"twitter_card":"summary_large_image","twitter_misc":{"Pris":"","Availability":"In stock"},"schema":{"@context":"https:\/\/schema.org","@graph":[{"@type":"WebPage","@id":"https:\/\/truckleie.no\/?product=fd100t-mwl3-10-ton","url":"https:\/\/truckleie.no\/?product=fd100t-mwl3-10-ton","name":"MAXIMAL FD100T-MWL3-10 Ton - Truckleie - SCANLIFT","isPartOf":{"@id":"https:\/\/truckleie.no\/#website"},"primaryImageOfPage":{"@id":"https:\/\/truckleie.no\/?product=fd100t-mwl3-10-ton#primaryimage"},"image":{"@id":"https:\/\/truckleie.no\/?product=fd100t-mwl3-10-ton#primaryimage"},"thumbnailUrl":"https:\/\/i0.wp.com\/truckleie.no\/wp-content\/uploads\/2019\/12\/DSC01290.jpg?fit=2377%2C1911&ssl=1","datePublished":"2019-12-15T20:16:34+00:00","dateModified":"2022-09-23T08:38:54+00:00","description":"MAXIMAL FD100T med 4,5 mtr. triplex mast, fullt fril\u00f8ft, vektm\u00e5ler og video-overv\u00e5king. Kort eller langtidsleie.","breadcrumb":{"@id":"https:\/\/truckleie.no\/?product=fd100t-mwl3-10-ton#breadcrumb"},"inLanguage":"nb-NO","potentialAction":[{"@type":"ReadAction","target":["https:\/\/truckleie.no\/?product=fd100t-mwl3-10-ton"]}]},{"@type":"ImageObject","inLanguage":"nb-NO","@id":"https:\/\/truckleie.no\/?product=fd100t-mwl3-10-ton#primaryimage","url":"https:\/\/i0.wp.com\/truckleie.no\/wp-content\/uploads\/2019\/12\/DSC01290.jpg?fit=2377%2C1911&ssl=1","contentUrl":"https:\/\/i0.wp.com\/truckleie.no\/wp-content\/uploads\/2019\/12\/DSC01290.jpg?fit=2377%2C1911&ssl=1","width":2377,"height":1911,"caption":"stortruck"},{"@type":"BreadcrumbList","@id":"https:\/\/truckleie.no\/?product=fd100t-mwl3-10-ton#breadcrumb","itemListElement":[{"@type":"ListItem","position":1,"name":"Truckleie","item":"https:\/\/truckleie.no\/?page_id=1768"},{"@type":"ListItem","position":2,"name":"Butikk","item":"https:\/\/truckleie.no\/?page_id=6"},{"@type":"ListItem","position":3,"name":"Gaffeltrucker","item":"https:\/\/truckleie.no\/?product_cat=gaffeltrucker"},{"@type":"ListItem","position":4,"name":"Dieseltrucker","item":"https:\/\/truckleie.no\/?product_cat=dieseltrucker"},{"@type":"ListItem","position":5,"name":"MAXIMAL FD100T-MWL3-10 Ton"}]},{"@type":"WebSite","@id":"https:\/\/truckleie.no\/#website","url":"https:\/\/truckleie.no\/","name":"Truckleie","description":"SCANLIFT leier ut l\u00f8ftemateriell for transport og logistikk","publisher":{"@id":"https:\/\/truckleie.no\/#organization"},"potentialAction":[{"@type":"SearchAction","target":{"@type":"EntryPoint","urlTemplate":"https:\/\/truckleie.no\/?s={search_term_string}"},"query-input":{"@type":"PropertyValueSpecification","valueRequired":true,"valueName":"search_term_string"}}],"inLanguage":"nb-NO"},{"@type":"Organization","@id":"https:\/\/truckleie.no\/#organization","name":"truckleie.no","url":"https:\/\/truckleie.no\/","logo":{"@type":"ImageObject","inLanguage":"nb-NO","@id":"https:\/\/truckleie.no\/#\/schema\/logo\/image\/","url":"https:\/\/i0.wp.com\/truckleie.no\/wp-content\/uploads\/2019\/12\/truckleie-scaled.jpg?fit=2560%2C2249&ssl=1","contentUrl":"https:\/\/i0.wp.com\/truckleie.no\/wp-content\/uploads\/2019\/12\/truckleie-scaled.jpg?fit=2560%2C2249&ssl=1","width":2560,"height":2249,"caption":"truckleie.no"},"image":{"@id":"https:\/\/truckleie.no\/#\/schema\/logo\/image\/"}}]},"product_price_currency":"NOK","og_availability":"instock","product_availability":"instock","product_condition":"new"},"jetpack_sharing_enabled":true,"_links":{"self":[{"href":"https:\/\/truckleie.no\/index.php?rest_route=\/wp\/v2\/product\/164","targetHints":{"allow":["GET"]}}],"collection":[{"href":"https:\/\/truckleie.no\/index.php?rest_route=\/wp\/v2\/product"}],"about":[{"href":"https:\/\/truckleie.no\/index.php?rest_route=\/wp\/v2\/types\/product"}],"version-history":[{"count":7,"href":"https:\/\/truckleie.no\/index.php?rest_route=\/wp\/v2\/product\/164\/revisions"}],"predecessor-version":[{"id":1856,"href":"https:\/\/truckleie.no\/index.php?rest_route=\/wp\/v2\/product\/164\/revisions\/1856"}],"wp:featuredmedia":[{"embeddable":true,"href":"https:\/\/truckleie.no\/index.php?rest_route=\/wp\/v2\/media\/166"}],"wp:attachment":[{"href":"https:\/\/truckleie.no\/index.php?rest_route=%2Fwp%2Fv2%2Fmedia&parent=164"}],"wp:term":[{"taxonomy":"product_brand","embeddable":true,"href":"https:\/\/truckleie.no\/index.php?rest_route=%2Fwp%2Fv2%2Fproduct_brand&post=164"},{"taxonomy":"product_cat","embeddable":true,"href":"https:\/\/truckleie.no\/index.php?rest_route=%2Fwp%2Fv2%2Fproduct_cat&post=164"},{"taxonomy":"product_tag","embeddable":true,"href":"https:\/\/truckleie.no\/index.php?rest_route=%2Fwp%2Fv2%2Fproduct_tag&post=164"}],"curies":[{"name":"wp","href":"https:\/\/api.w.org\/{rel}","templated":true}]}}