{"id":177,"date":"2019-12-15T20:36:45","date_gmt":"2019-12-15T20:36:45","guid":{"rendered":"http:\/\/ny.truckleie.no\/?post_type=product&#038;p=177"},"modified":"2024-01-12T14:57:04","modified_gmt":"2024-01-12T13:57:04","slug":"mobil-lasterampe-truckrampe-10-ton","status":"publish","type":"product","link":"https:\/\/truckleie.no\/?product=mobil-lasterampe-truckrampe-10-ton","title":{"rendered":"Mobil lasterampe &#8211; truckrampe &#8211; 10 Ton"},"content":{"rendered":"<p>Mobil lasterampe &#8211; truckrampe egnet for lasting og lossing av container p\u00e5 chassis, trailere, jernbanevogner eller situasjoner hvor niv\u00e5forhold skaper adkomstproblemer ved lasting\/lossing. For belastningskapasiteter opp til 10 Ton. Hydraulisk justerbar h\u00f8yde. Sklisikker kj\u00f8rebane med guard rails. CE sertifisert. Leveres med samsvarserkl\u00e6ring.<\/p>\n<ul>\n<li>Horisontal plattformlengde \u20132300 mm<\/li>\n<li>Justerbar h\u00f8yde \u2013Min 800 mm \u2013Maks 1500 mm<\/li>\n<li>2 Hydrauliske sylindre\u2022Sterke PU\/Gummihjul<\/li>\n<li>Manuell Hydraulisk pumpe for heving og senking<\/li>\n<li>Sikkerhetsbord p\u00e5 begge sider av rampe<\/li>\n<li>Gaffellommer for flytting med gaffeltruck<\/li>\n<li>Kj\u00f8rebruer av varmgalvanisert st\u00e5r<\/li>\n<li>Ramme i korrosjonsbehandlet og lakkert i RAL 7016<\/li>\n<li>CE Merket med samsvarserkl\u00e6ring<\/li>\n<li>10 Tons belastningskapasitet<\/li>\n<\/ul>\n","protected":false},"excerpt":{"rendered":"<p>Korttidsleie fra 1 dag til 24 mnd. En pratisk l\u00f8sning som l\u00f8ser kortsiktig behov.\u00a0 Pris pr. mnd eks mva., FOB Lager. Ta kontakt for spesialtilbud for leie over lengre perioder eller andre behov. Transport tilkommer<\/p>\n","protected":false},"featured_media":182,"template":"","meta":[],"product_brand":[],"product_cat":[15],"product_tag":[39,41,40],"class_list":{"0":"post-177","1":"product","2":"type-product","3":"status-publish","4":"has-post-thumbnail","6":"product_cat-diverse","7":"product_tag-kjorerampe","8":"product_tag-lasterampe","9":"product_tag-truckrampe","11":"first","12":"instock","13":"taxable","14":"shipping-taxable","15":"purchasable","16":"product-type-simple"},"yoast_head":"<!-- This site is optimized with the Yoast SEO Premium plugin v27.0 (Yoast SEO v27.3) - https:\/\/yoast.com\/product\/yoast-seo-premium-wordpress\/ -->\n<title>Mobil lasterampe - truckrampe - 10 Ton - Utleie Truckleie<\/title>\n<meta name=\"description\" content=\"Mobil lasterampe. Problemer med lasting eller lossing ?. Forvil ikke, vi har lasteramper som gir deg fleksibilitet.\" \/>\n<meta name=\"robots\" content=\"index, follow, max-snippet:-1, max-image-preview:large, max-video-preview:-1\" \/>\n<link rel=\"canonical\" href=\"https:\/\/truckleie.no\/?product=mobil-lasterampe-truckrampe-10-ton\" \/>\n<meta property=\"og:locale\" content=\"nb_NO\" \/>\n<meta property=\"og:type\" content=\"article\" \/>\n<meta property=\"og:title\" content=\"Mobil lasterampe - truckrampe - 10 Ton\" \/>\n<meta property=\"og:description\" content=\"Mobil lasterampe. Problemer med lasting eller lossing ?. Forvil ikke, vi har lasteramper som gir deg fleksibilitet.\" \/>\n<meta property=\"og:url\" content=\"https:\/\/truckleie.no\/?product=mobil-lasterampe-truckrampe-10-ton\" \/>\n<meta property=\"og:site_name\" content=\"Truckleie\" \/>\n<meta property=\"article:modified_time\" content=\"2024-01-12T13:57:04+00:00\" \/>\n<meta property=\"og:image\" content=\"https:\/\/truckleie.no\/wp-content\/uploads\/2019\/12\/Web-DSC00567.jpg\" \/>\n\t<meta property=\"og:image:width\" content=\"440\" \/>\n\t<meta property=\"og:image:height\" content=\"323\" \/>\n\t<meta property=\"og:image:type\" content=\"image\/jpeg\" \/>\n<meta name=\"twitter:card\" content=\"summary_large_image\" \/>\n<meta name=\"twitter:label1\" content=\"Pris\" \/>\n\t<meta name=\"twitter:data1\" content=\"&#107;&#114;&nbsp;6 000,00\" \/>\n\t<meta name=\"twitter:label2\" content=\"Availability\" \/>\n\t<meta name=\"twitter:data2\" content=\"In stock\" \/>\n<script type=\"application\/ld+json\" class=\"yoast-schema-graph\">{\"@context\":\"https:\\\/\\\/schema.org\",\"@graph\":[{\"@type\":\"WebPage\",\"@id\":\"https:\\\/\\\/truckleie.no\\\/?product=mobil-lasterampe-truckrampe-10-ton\",\"url\":\"https:\\\/\\\/truckleie.no\\\/?product=mobil-lasterampe-truckrampe-10-ton\",\"name\":\"Mobil lasterampe - truckrampe - 10 Ton - Utleie Truckleie\",\"isPartOf\":{\"@id\":\"https:\\\/\\\/truckleie.no\\\/#website\"},\"primaryImageOfPage\":{\"@id\":\"https:\\\/\\\/truckleie.no\\\/?product=mobil-lasterampe-truckrampe-10-ton#primaryimage\"},\"image\":{\"@id\":\"https:\\\/\\\/truckleie.no\\\/?product=mobil-lasterampe-truckrampe-10-ton#primaryimage\"},\"thumbnailUrl\":\"https:\\\/\\\/i0.wp.com\\\/truckleie.no\\\/wp-content\\\/uploads\\\/2019\\\/12\\\/Web-DSC00567.jpg?fit=440%2C323&ssl=1\",\"datePublished\":\"2019-12-15T20:36:45+00:00\",\"dateModified\":\"2024-01-12T13:57:04+00:00\",\"description\":\"Mobil lasterampe. Problemer med lasting eller lossing ?. Forvil ikke, vi har lasteramper som gir deg fleksibilitet.\",\"breadcrumb\":{\"@id\":\"https:\\\/\\\/truckleie.no\\\/?product=mobil-lasterampe-truckrampe-10-ton#breadcrumb\"},\"inLanguage\":\"nb-NO\",\"potentialAction\":[{\"@type\":\"ReadAction\",\"target\":[\"https:\\\/\\\/truckleie.no\\\/?product=mobil-lasterampe-truckrampe-10-ton\"]}]},{\"@type\":\"ImageObject\",\"inLanguage\":\"nb-NO\",\"@id\":\"https:\\\/\\\/truckleie.no\\\/?product=mobil-lasterampe-truckrampe-10-ton#primaryimage\",\"url\":\"https:\\\/\\\/i0.wp.com\\\/truckleie.no\\\/wp-content\\\/uploads\\\/2019\\\/12\\\/Web-DSC00567.jpg?fit=440%2C323&ssl=1\",\"contentUrl\":\"https:\\\/\\\/i0.wp.com\\\/truckleie.no\\\/wp-content\\\/uploads\\\/2019\\\/12\\\/Web-DSC00567.jpg?fit=440%2C323&ssl=1\",\"width\":440,\"height\":323,\"caption\":\"mobile truckramper\"},{\"@type\":\"BreadcrumbList\",\"@id\":\"https:\\\/\\\/truckleie.no\\\/?product=mobil-lasterampe-truckrampe-10-ton#breadcrumb\",\"itemListElement\":[{\"@type\":\"ListItem\",\"position\":1,\"name\":\"Truckleie\",\"item\":\"https:\\\/\\\/truckleie.no\\\/?page_id=1768\"},{\"@type\":\"ListItem\",\"position\":2,\"name\":\"Butikk\",\"item\":\"https:\\\/\\\/truckleie.no\\\/?page_id=6\"},{\"@type\":\"ListItem\",\"position\":3,\"name\":\"Diverse Logistikkmateriell\",\"item\":\"https:\\\/\\\/truckleie.no\\\/?product_cat=diverse\"},{\"@type\":\"ListItem\",\"position\":4,\"name\":\"Mobil lasterampe &#8211; truckrampe &#8211; 10 Ton\"}]},{\"@type\":\"WebSite\",\"@id\":\"https:\\\/\\\/truckleie.no\\\/#website\",\"url\":\"https:\\\/\\\/truckleie.no\\\/\",\"name\":\"Truckleie\",\"description\":\"SCANLIFT leier ut l\u00f8ftemateriell for transport og logistikk\",\"publisher\":{\"@id\":\"https:\\\/\\\/truckleie.no\\\/#organization\"},\"potentialAction\":[{\"@type\":\"SearchAction\",\"target\":{\"@type\":\"EntryPoint\",\"urlTemplate\":\"https:\\\/\\\/truckleie.no\\\/?s={search_term_string}\"},\"query-input\":{\"@type\":\"PropertyValueSpecification\",\"valueRequired\":true,\"valueName\":\"search_term_string\"}}],\"inLanguage\":\"nb-NO\"},{\"@type\":\"Organization\",\"@id\":\"https:\\\/\\\/truckleie.no\\\/#organization\",\"name\":\"truckleie.no\",\"url\":\"https:\\\/\\\/truckleie.no\\\/\",\"logo\":{\"@type\":\"ImageObject\",\"inLanguage\":\"nb-NO\",\"@id\":\"https:\\\/\\\/truckleie.no\\\/#\\\/schema\\\/logo\\\/image\\\/\",\"url\":\"https:\\\/\\\/i0.wp.com\\\/truckleie.no\\\/wp-content\\\/uploads\\\/2019\\\/12\\\/truckleie-scaled.jpg?fit=2560%2C2249&ssl=1\",\"contentUrl\":\"https:\\\/\\\/i0.wp.com\\\/truckleie.no\\\/wp-content\\\/uploads\\\/2019\\\/12\\\/truckleie-scaled.jpg?fit=2560%2C2249&ssl=1\",\"width\":2560,\"height\":2249,\"caption\":\"truckleie.no\"},\"image\":{\"@id\":\"https:\\\/\\\/truckleie.no\\\/#\\\/schema\\\/logo\\\/image\\\/\"}}]}<\/script>\n<meta property=\"product:price:amount\" content=\"6000.00\" \/>\n<meta property=\"product:price:currency\" content=\"NOK\" \/>\n<meta property=\"og:availability\" content=\"instock\" \/>\n<meta property=\"product:availability\" content=\"instock\" \/>\n<meta property=\"product:condition\" content=\"new\" \/>\n<!-- \/ Yoast SEO Premium plugin. -->","yoast_head_json":{"title":"Mobil lasterampe - truckrampe - 10 Ton - Utleie Truckleie","description":"Mobil lasterampe. Problemer med lasting eller lossing ?. Forvil ikke, vi har lasteramper som gir deg fleksibilitet.","robots":{"index":"index","follow":"follow","max-snippet":"max-snippet:-1","max-image-preview":"max-image-preview:large","max-video-preview":"max-video-preview:-1"},"canonical":"https:\/\/truckleie.no\/?product=mobil-lasterampe-truckrampe-10-ton","og_locale":"nb_NO","og_type":"article","og_title":"Mobil lasterampe - truckrampe - 10 Ton","og_description":"Mobil lasterampe. Problemer med lasting eller lossing ?. Forvil ikke, vi har lasteramper som gir deg fleksibilitet.","og_url":"https:\/\/truckleie.no\/?product=mobil-lasterampe-truckrampe-10-ton","og_site_name":"Truckleie","article_modified_time":"2024-01-12T13:57:04+00:00","og_image":[{"width":440,"height":323,"url":"https:\/\/truckleie.no\/wp-content\/uploads\/2019\/12\/Web-DSC00567.jpg","type":"image\/jpeg"}],"twitter_card":"summary_large_image","twitter_misc":{"Pris":"&#107;&#114;&nbsp;6 000,00","Availability":"In stock"},"schema":{"@context":"https:\/\/schema.org","@graph":[{"@type":"WebPage","@id":"https:\/\/truckleie.no\/?product=mobil-lasterampe-truckrampe-10-ton","url":"https:\/\/truckleie.no\/?product=mobil-lasterampe-truckrampe-10-ton","name":"Mobil lasterampe - truckrampe - 10 Ton - Utleie Truckleie","isPartOf":{"@id":"https:\/\/truckleie.no\/#website"},"primaryImageOfPage":{"@id":"https:\/\/truckleie.no\/?product=mobil-lasterampe-truckrampe-10-ton#primaryimage"},"image":{"@id":"https:\/\/truckleie.no\/?product=mobil-lasterampe-truckrampe-10-ton#primaryimage"},"thumbnailUrl":"https:\/\/i0.wp.com\/truckleie.no\/wp-content\/uploads\/2019\/12\/Web-DSC00567.jpg?fit=440%2C323&ssl=1","datePublished":"2019-12-15T20:36:45+00:00","dateModified":"2024-01-12T13:57:04+00:00","description":"Mobil lasterampe. Problemer med lasting eller lossing ?. Forvil ikke, vi har lasteramper som gir deg fleksibilitet.","breadcrumb":{"@id":"https:\/\/truckleie.no\/?product=mobil-lasterampe-truckrampe-10-ton#breadcrumb"},"inLanguage":"nb-NO","potentialAction":[{"@type":"ReadAction","target":["https:\/\/truckleie.no\/?product=mobil-lasterampe-truckrampe-10-ton"]}]},{"@type":"ImageObject","inLanguage":"nb-NO","@id":"https:\/\/truckleie.no\/?product=mobil-lasterampe-truckrampe-10-ton#primaryimage","url":"https:\/\/i0.wp.com\/truckleie.no\/wp-content\/uploads\/2019\/12\/Web-DSC00567.jpg?fit=440%2C323&ssl=1","contentUrl":"https:\/\/i0.wp.com\/truckleie.no\/wp-content\/uploads\/2019\/12\/Web-DSC00567.jpg?fit=440%2C323&ssl=1","width":440,"height":323,"caption":"mobile truckramper"},{"@type":"BreadcrumbList","@id":"https:\/\/truckleie.no\/?product=mobil-lasterampe-truckrampe-10-ton#breadcrumb","itemListElement":[{"@type":"ListItem","position":1,"name":"Truckleie","item":"https:\/\/truckleie.no\/?page_id=1768"},{"@type":"ListItem","position":2,"name":"Butikk","item":"https:\/\/truckleie.no\/?page_id=6"},{"@type":"ListItem","position":3,"name":"Diverse Logistikkmateriell","item":"https:\/\/truckleie.no\/?product_cat=diverse"},{"@type":"ListItem","position":4,"name":"Mobil lasterampe &#8211; truckrampe &#8211; 10 Ton"}]},{"@type":"WebSite","@id":"https:\/\/truckleie.no\/#website","url":"https:\/\/truckleie.no\/","name":"Truckleie","description":"SCANLIFT leier ut l\u00f8ftemateriell for transport og logistikk","publisher":{"@id":"https:\/\/truckleie.no\/#organization"},"potentialAction":[{"@type":"SearchAction","target":{"@type":"EntryPoint","urlTemplate":"https:\/\/truckleie.no\/?s={search_term_string}"},"query-input":{"@type":"PropertyValueSpecification","valueRequired":true,"valueName":"search_term_string"}}],"inLanguage":"nb-NO"},{"@type":"Organization","@id":"https:\/\/truckleie.no\/#organization","name":"truckleie.no","url":"https:\/\/truckleie.no\/","logo":{"@type":"ImageObject","inLanguage":"nb-NO","@id":"https:\/\/truckleie.no\/#\/schema\/logo\/image\/","url":"https:\/\/i0.wp.com\/truckleie.no\/wp-content\/uploads\/2019\/12\/truckleie-scaled.jpg?fit=2560%2C2249&ssl=1","contentUrl":"https:\/\/i0.wp.com\/truckleie.no\/wp-content\/uploads\/2019\/12\/truckleie-scaled.jpg?fit=2560%2C2249&ssl=1","width":2560,"height":2249,"caption":"truckleie.no"},"image":{"@id":"https:\/\/truckleie.no\/#\/schema\/logo\/image\/"}}]},"product_price_amount":"6000.00","product_price_currency":"NOK","og_availability":"instock","product_availability":"instock","product_condition":"new"},"jetpack_sharing_enabled":true,"_links":{"self":[{"href":"https:\/\/truckleie.no\/index.php?rest_route=\/wp\/v2\/product\/177","targetHints":{"allow":["GET"]}}],"collection":[{"href":"https:\/\/truckleie.no\/index.php?rest_route=\/wp\/v2\/product"}],"about":[{"href":"https:\/\/truckleie.no\/index.php?rest_route=\/wp\/v2\/types\/product"}],"version-history":[{"count":4,"href":"https:\/\/truckleie.no\/index.php?rest_route=\/wp\/v2\/product\/177\/revisions"}],"predecessor-version":[{"id":1867,"href":"https:\/\/truckleie.no\/index.php?rest_route=\/wp\/v2\/product\/177\/revisions\/1867"}],"wp:featuredmedia":[{"embeddable":true,"href":"https:\/\/truckleie.no\/index.php?rest_route=\/wp\/v2\/media\/182"}],"wp:attachment":[{"href":"https:\/\/truckleie.no\/index.php?rest_route=%2Fwp%2Fv2%2Fmedia&parent=177"}],"wp:term":[{"taxonomy":"product_brand","embeddable":true,"href":"https:\/\/truckleie.no\/index.php?rest_route=%2Fwp%2Fv2%2Fproduct_brand&post=177"},{"taxonomy":"product_cat","embeddable":true,"href":"https:\/\/truckleie.no\/index.php?rest_route=%2Fwp%2Fv2%2Fproduct_cat&post=177"},{"taxonomy":"product_tag","embeddable":true,"href":"https:\/\/truckleie.no\/index.php?rest_route=%2Fwp%2Fv2%2Fproduct_tag&post=177"}],"curies":[{"name":"wp","href":"https:\/\/api.w.org\/{rel}","templated":true}]}}