{"id":189,"date":"2019-12-15T20:40:58","date_gmt":"2019-12-15T20:40:58","guid":{"rendered":"http:\/\/ny.truckleie.no\/?post_type=product&#038;p=189"},"modified":"2026-02-23T22:44:43","modified_gmt":"2026-02-23T21:44:43","slug":"fb16s-mhjz-eltruck","status":"publish","type":"product","link":"https:\/\/truckleie.no\/?product=fb16s-mhjz-eltruck","title":{"rendered":"Elektrisk truck FB16S MHJZ"},"content":{"rendered":"<p>Elektrisk truck, snerten og klatrevillig eltruck med stor l\u00f8fteh\u00f8yde. 4,8 meter. Triplex mast, 1,6 ton l\u00f8ftekapasitet. Sideskift. 3-Hjuling med sv\u00e6rt lav svingradius. 48V\/400aH batterikapasitet. . Trucken g\u00e5r under std. d\u00f8r\u00e5pninger p\u00e5 2,20 og kan benyttes ved lasting og lossing av std. 20 fots containere. Med denne trucken l\u00f8ser du flere oppgaver p\u00e5 samme tid. Priser FOB Lager pr. mnd eks mva<\/p>\n<p><strong>Tekniske DATA<br \/>\n<\/strong><\/p>\n<ul>\n<li>Svingradius\u00a0\u00a0\u00a0\u00a0\u00a0\u00a0\u00a0\u00a0\u00a0\u00a0 \u00a0 \u00a0 \u00a0\u00a0\u00a0\u00a0\u00a0\u00a0\u00a0\u00a0\u00a0 1540mm<\/li>\n<li>Kompaktdekk<\/li>\n<li>Batterikapasitet\u00a0\u00a0\u00a0\u00a0\u00a0\u00a0\u00a0\u00a0\u00a0\u00a0\u00a0\u00a0\u00a0\u00a0\u00a0\u00a0\u00a0\u00a0 48V\/400ah<\/li>\n<li>Controller\u00a0\u00a0\u00a0\u00a0\u00a0\u00a0\u00a0\u00a0\u00a0\u00a0\u00a0\u00a0\u00a0\u00a0\u00a0\u00a0\u00a0\u00a0\u00a0\u00a0\u00a0\u00a0\u00a0\u00a0\u00a0\u00a0\u00a0 Full AC, ZAPI<\/li>\n<li>L\u00f8fteh\u00f8yde\u00a0\u00a0\u00a0\u00a0\u00a0\u00a0\u00a0\u00a0\u00a0\u00a0\u00a0\u00a0\u00a0\u00a0\u00a0\u00a0\u00a0\u00a0\u00a0\u00a0\u00a0\u00a0\u00a0\u00a0\u00a0 4800mm &#8211; Fullt fril\u00f8ft<\/li>\n<li>L\u00f8ftekapasitet\u00a0\u00a0\u00a0\u00a0\u00a0\u00a0\u00a0\u00a0\u00a0\u00a0\u00a0\u00a0\u00a0\u00a0\u00a0\u00a0\u00a0 \u00a0\u00a0 1600 kg<\/li>\n<li>Lengde til gaffelbord\u00a0\u00a0\u00a0\u00a0\u00a0\u00a0\u00a0\u00a0\u00a0 1817mm<\/li>\n<li>Bredde\u00a0\u00a0\u00a0\u00a0\u00a0\u00a0\u00a0\u00a0\u00a0\u00a0\u00a0\u00a0\u00a0\u00a0\u00a0\u00a0\u00a0\u00a0\u00a0\u00a0\u00a0\u00a0\u00a0\u00a0\u00a0\u00a0\u00a0\u00a0\u00a0\u00a0\u00a0 1070 mm<\/li>\n<li>Lengde\u00a0\u00a0\u00a0\u00a0\u00a0\u00a0\u00a0\u00a0\u00a0\u00a0\u00a0\u00a0\u00a0\u00a0\u00a0\u00a0\u00a0\u00a0\u00a0\u00a0\u00a0\u00a0\u00a0\u00a0\u00a0\u00a0\u00a0\u00a0\u00a0\u00a0\u00a0 1971 (Chassis)<\/li>\n<li>H\u00f8yde med TFM480 Mast\u00a0 2125 mm<\/li>\n<\/ul>\n","protected":false},"excerpt":{"rendered":"<p>Korttidsleie fra 1 dag til 24 mnd. Det perfekte valget for trange lager hvor det stables i h\u00f8yden med lite plass. Spar plass og penger. Pris pr. mnd eks mva FOB Lager. Ta kontakt for spesialtilbud for leie over lengre perioder eller andre behov.<\/p>\n","protected":false},"featured_media":191,"template":"","meta":[],"product_brand":[],"product_cat":[22,24],"product_tag":[42,18],"class_list":{"0":"post-189","1":"product","2":"type-product","3":"status-publish","4":"has-post-thumbnail","6":"product_cat-eltrucker","7":"product_cat-gaffeltrucker","8":"product_tag-elektrotruck","9":"product_tag-eltruck","11":"first","12":"instock","13":"taxable","14":"shipping-taxable","15":"purchasable","16":"product-type-simple"},"yoast_head":"<!-- This site is optimized with the Yoast SEO Premium plugin v27.0 (Yoast SEO v27.3) - https:\/\/yoast.com\/product\/yoast-seo-premium-wordpress\/ -->\n<title>Elektrisk truck for utleie - Truckleie<\/title>\n<meta name=\"description\" content=\"Elektrisk truck som l\u00f8ser oppgavene til en br\u00f8kdel av prisen. Ta kontakt for et godt tilbud p\u00e5 lang eller korttidsleie\" \/>\n<meta name=\"robots\" content=\"index, follow, max-snippet:-1, max-image-preview:large, max-video-preview:-1\" \/>\n<link rel=\"canonical\" href=\"https:\/\/truckleie.no\/?product=fb16s-mhjz-eltruck\" \/>\n<meta property=\"og:locale\" content=\"nb_NO\" \/>\n<meta property=\"og:type\" content=\"article\" \/>\n<meta property=\"og:title\" content=\"Elektrisk truck FB16S MHJZ\" \/>\n<meta property=\"og:description\" content=\"Elektrisk truck som l\u00f8ser oppgavene til en br\u00f8kdel av prisen. Ta kontakt for et godt tilbud p\u00e5 lang eller korttidsleie\" \/>\n<meta property=\"og:url\" content=\"https:\/\/truckleie.no\/?product=fb16s-mhjz-eltruck\" \/>\n<meta property=\"og:site_name\" content=\"Truckleie\" \/>\n<meta property=\"article:modified_time\" content=\"2026-02-23T21:44:43+00:00\" \/>\n<meta property=\"og:image\" content=\"https:\/\/truckleie.no\/wp-content\/uploads\/2019\/12\/FB16S-MHJZ.jpg\" \/>\n\t<meta property=\"og:image:width\" content=\"1679\" \/>\n\t<meta property=\"og:image:height\" content=\"1380\" \/>\n\t<meta property=\"og:image:type\" content=\"image\/jpeg\" \/>\n<meta name=\"twitter:card\" content=\"summary_large_image\" \/>\n<meta name=\"twitter:label1\" content=\"Pris\" \/>\n\t<meta name=\"twitter:data1\" content=\"&#107;&#114;&nbsp;5 400,00\" \/>\n\t<meta name=\"twitter:label2\" content=\"Availability\" \/>\n\t<meta name=\"twitter:data2\" content=\"In stock\" \/>\n<script type=\"application\/ld+json\" class=\"yoast-schema-graph\">{\"@context\":\"https:\\\/\\\/schema.org\",\"@graph\":[{\"@type\":\"WebPage\",\"@id\":\"https:\\\/\\\/truckleie.no\\\/?product=fb16s-mhjz-eltruck\",\"url\":\"https:\\\/\\\/truckleie.no\\\/?product=fb16s-mhjz-eltruck\",\"name\":\"Elektrisk truck for utleie - Truckleie\",\"isPartOf\":{\"@id\":\"https:\\\/\\\/truckleie.no\\\/#website\"},\"primaryImageOfPage\":{\"@id\":\"https:\\\/\\\/truckleie.no\\\/?product=fb16s-mhjz-eltruck#primaryimage\"},\"image\":{\"@id\":\"https:\\\/\\\/truckleie.no\\\/?product=fb16s-mhjz-eltruck#primaryimage\"},\"thumbnailUrl\":\"https:\\\/\\\/i0.wp.com\\\/truckleie.no\\\/wp-content\\\/uploads\\\/2019\\\/12\\\/FB16S-MHJZ.jpg?fit=1679%2C1380&ssl=1\",\"datePublished\":\"2019-12-15T20:40:58+00:00\",\"dateModified\":\"2026-02-23T21:44:43+00:00\",\"description\":\"Elektrisk truck som l\u00f8ser oppgavene til en br\u00f8kdel av prisen. Ta kontakt for et godt tilbud p\u00e5 lang eller korttidsleie\",\"breadcrumb\":{\"@id\":\"https:\\\/\\\/truckleie.no\\\/?product=fb16s-mhjz-eltruck#breadcrumb\"},\"inLanguage\":\"nb-NO\",\"potentialAction\":[{\"@type\":\"ReadAction\",\"target\":[\"https:\\\/\\\/truckleie.no\\\/?product=fb16s-mhjz-eltruck\"]}]},{\"@type\":\"ImageObject\",\"inLanguage\":\"nb-NO\",\"@id\":\"https:\\\/\\\/truckleie.no\\\/?product=fb16s-mhjz-eltruck#primaryimage\",\"url\":\"https:\\\/\\\/i0.wp.com\\\/truckleie.no\\\/wp-content\\\/uploads\\\/2019\\\/12\\\/FB16S-MHJZ.jpg?fit=1679%2C1380&ssl=1\",\"contentUrl\":\"https:\\\/\\\/i0.wp.com\\\/truckleie.no\\\/wp-content\\\/uploads\\\/2019\\\/12\\\/FB16S-MHJZ.jpg?fit=1679%2C1380&ssl=1\",\"width\":1679,\"height\":1380,\"caption\":\"eltruck\"},{\"@type\":\"BreadcrumbList\",\"@id\":\"https:\\\/\\\/truckleie.no\\\/?product=fb16s-mhjz-eltruck#breadcrumb\",\"itemListElement\":[{\"@type\":\"ListItem\",\"position\":1,\"name\":\"Truckleie\",\"item\":\"https:\\\/\\\/truckleie.no\\\/?page_id=1768\"},{\"@type\":\"ListItem\",\"position\":2,\"name\":\"Butikk\",\"item\":\"https:\\\/\\\/truckleie.no\\\/?page_id=6\"},{\"@type\":\"ListItem\",\"position\":3,\"name\":\"Gaffeltrucker\",\"item\":\"https:\\\/\\\/truckleie.no\\\/?product_cat=gaffeltrucker\"},{\"@type\":\"ListItem\",\"position\":4,\"name\":\"Eltrucker\",\"item\":\"https:\\\/\\\/truckleie.no\\\/?product_cat=eltrucker\"},{\"@type\":\"ListItem\",\"position\":5,\"name\":\"Elektrisk truck FB16S MHJZ\"}]},{\"@type\":\"WebSite\",\"@id\":\"https:\\\/\\\/truckleie.no\\\/#website\",\"url\":\"https:\\\/\\\/truckleie.no\\\/\",\"name\":\"Truckleie\",\"description\":\"SCANLIFT leier ut l\u00f8ftemateriell for transport og logistikk\",\"publisher\":{\"@id\":\"https:\\\/\\\/truckleie.no\\\/#organization\"},\"potentialAction\":[{\"@type\":\"SearchAction\",\"target\":{\"@type\":\"EntryPoint\",\"urlTemplate\":\"https:\\\/\\\/truckleie.no\\\/?s={search_term_string}\"},\"query-input\":{\"@type\":\"PropertyValueSpecification\",\"valueRequired\":true,\"valueName\":\"search_term_string\"}}],\"inLanguage\":\"nb-NO\"},{\"@type\":\"Organization\",\"@id\":\"https:\\\/\\\/truckleie.no\\\/#organization\",\"name\":\"truckleie.no\",\"url\":\"https:\\\/\\\/truckleie.no\\\/\",\"logo\":{\"@type\":\"ImageObject\",\"inLanguage\":\"nb-NO\",\"@id\":\"https:\\\/\\\/truckleie.no\\\/#\\\/schema\\\/logo\\\/image\\\/\",\"url\":\"https:\\\/\\\/i0.wp.com\\\/truckleie.no\\\/wp-content\\\/uploads\\\/2019\\\/12\\\/truckleie-scaled.jpg?fit=2560%2C2249&ssl=1\",\"contentUrl\":\"https:\\\/\\\/i0.wp.com\\\/truckleie.no\\\/wp-content\\\/uploads\\\/2019\\\/12\\\/truckleie-scaled.jpg?fit=2560%2C2249&ssl=1\",\"width\":2560,\"height\":2249,\"caption\":\"truckleie.no\"},\"image\":{\"@id\":\"https:\\\/\\\/truckleie.no\\\/#\\\/schema\\\/logo\\\/image\\\/\"}}]}<\/script>\n<meta property=\"product:price:amount\" content=\"5400.00\" \/>\n<meta property=\"product:price:currency\" content=\"NOK\" \/>\n<meta property=\"og:availability\" content=\"instock\" \/>\n<meta property=\"product:availability\" content=\"instock\" \/>\n<meta property=\"product:condition\" content=\"new\" \/>\n<!-- \/ Yoast SEO Premium plugin. -->","yoast_head_json":{"title":"Elektrisk truck for utleie - Truckleie","description":"Elektrisk truck som l\u00f8ser oppgavene til en br\u00f8kdel av prisen. Ta kontakt for et godt tilbud p\u00e5 lang eller korttidsleie","robots":{"index":"index","follow":"follow","max-snippet":"max-snippet:-1","max-image-preview":"max-image-preview:large","max-video-preview":"max-video-preview:-1"},"canonical":"https:\/\/truckleie.no\/?product=fb16s-mhjz-eltruck","og_locale":"nb_NO","og_type":"article","og_title":"Elektrisk truck FB16S MHJZ","og_description":"Elektrisk truck som l\u00f8ser oppgavene til en br\u00f8kdel av prisen. Ta kontakt for et godt tilbud p\u00e5 lang eller korttidsleie","og_url":"https:\/\/truckleie.no\/?product=fb16s-mhjz-eltruck","og_site_name":"Truckleie","article_modified_time":"2026-02-23T21:44:43+00:00","og_image":[{"width":1679,"height":1380,"url":"https:\/\/truckleie.no\/wp-content\/uploads\/2019\/12\/FB16S-MHJZ.jpg","type":"image\/jpeg"}],"twitter_card":"summary_large_image","twitter_misc":{"Pris":"&#107;&#114;&nbsp;5 400,00","Availability":"In stock"},"schema":{"@context":"https:\/\/schema.org","@graph":[{"@type":"WebPage","@id":"https:\/\/truckleie.no\/?product=fb16s-mhjz-eltruck","url":"https:\/\/truckleie.no\/?product=fb16s-mhjz-eltruck","name":"Elektrisk truck for utleie - Truckleie","isPartOf":{"@id":"https:\/\/truckleie.no\/#website"},"primaryImageOfPage":{"@id":"https:\/\/truckleie.no\/?product=fb16s-mhjz-eltruck#primaryimage"},"image":{"@id":"https:\/\/truckleie.no\/?product=fb16s-mhjz-eltruck#primaryimage"},"thumbnailUrl":"https:\/\/i0.wp.com\/truckleie.no\/wp-content\/uploads\/2019\/12\/FB16S-MHJZ.jpg?fit=1679%2C1380&ssl=1","datePublished":"2019-12-15T20:40:58+00:00","dateModified":"2026-02-23T21:44:43+00:00","description":"Elektrisk truck som l\u00f8ser oppgavene til en br\u00f8kdel av prisen. Ta kontakt for et godt tilbud p\u00e5 lang eller korttidsleie","breadcrumb":{"@id":"https:\/\/truckleie.no\/?product=fb16s-mhjz-eltruck#breadcrumb"},"inLanguage":"nb-NO","potentialAction":[{"@type":"ReadAction","target":["https:\/\/truckleie.no\/?product=fb16s-mhjz-eltruck"]}]},{"@type":"ImageObject","inLanguage":"nb-NO","@id":"https:\/\/truckleie.no\/?product=fb16s-mhjz-eltruck#primaryimage","url":"https:\/\/i0.wp.com\/truckleie.no\/wp-content\/uploads\/2019\/12\/FB16S-MHJZ.jpg?fit=1679%2C1380&ssl=1","contentUrl":"https:\/\/i0.wp.com\/truckleie.no\/wp-content\/uploads\/2019\/12\/FB16S-MHJZ.jpg?fit=1679%2C1380&ssl=1","width":1679,"height":1380,"caption":"eltruck"},{"@type":"BreadcrumbList","@id":"https:\/\/truckleie.no\/?product=fb16s-mhjz-eltruck#breadcrumb","itemListElement":[{"@type":"ListItem","position":1,"name":"Truckleie","item":"https:\/\/truckleie.no\/?page_id=1768"},{"@type":"ListItem","position":2,"name":"Butikk","item":"https:\/\/truckleie.no\/?page_id=6"},{"@type":"ListItem","position":3,"name":"Gaffeltrucker","item":"https:\/\/truckleie.no\/?product_cat=gaffeltrucker"},{"@type":"ListItem","position":4,"name":"Eltrucker","item":"https:\/\/truckleie.no\/?product_cat=eltrucker"},{"@type":"ListItem","position":5,"name":"Elektrisk truck FB16S MHJZ"}]},{"@type":"WebSite","@id":"https:\/\/truckleie.no\/#website","url":"https:\/\/truckleie.no\/","name":"Truckleie","description":"SCANLIFT leier ut l\u00f8ftemateriell for transport og logistikk","publisher":{"@id":"https:\/\/truckleie.no\/#organization"},"potentialAction":[{"@type":"SearchAction","target":{"@type":"EntryPoint","urlTemplate":"https:\/\/truckleie.no\/?s={search_term_string}"},"query-input":{"@type":"PropertyValueSpecification","valueRequired":true,"valueName":"search_term_string"}}],"inLanguage":"nb-NO"},{"@type":"Organization","@id":"https:\/\/truckleie.no\/#organization","name":"truckleie.no","url":"https:\/\/truckleie.no\/","logo":{"@type":"ImageObject","inLanguage":"nb-NO","@id":"https:\/\/truckleie.no\/#\/schema\/logo\/image\/","url":"https:\/\/i0.wp.com\/truckleie.no\/wp-content\/uploads\/2019\/12\/truckleie-scaled.jpg?fit=2560%2C2249&ssl=1","contentUrl":"https:\/\/i0.wp.com\/truckleie.no\/wp-content\/uploads\/2019\/12\/truckleie-scaled.jpg?fit=2560%2C2249&ssl=1","width":2560,"height":2249,"caption":"truckleie.no"},"image":{"@id":"https:\/\/truckleie.no\/#\/schema\/logo\/image\/"}}]},"product_price_amount":"5400.00","product_price_currency":"NOK","og_availability":"instock","product_availability":"instock","product_condition":"new"},"jetpack_sharing_enabled":true,"_links":{"self":[{"href":"https:\/\/truckleie.no\/index.php?rest_route=\/wp\/v2\/product\/189","targetHints":{"allow":["GET"]}}],"collection":[{"href":"https:\/\/truckleie.no\/index.php?rest_route=\/wp\/v2\/product"}],"about":[{"href":"https:\/\/truckleie.no\/index.php?rest_route=\/wp\/v2\/types\/product"}],"version-history":[{"count":5,"href":"https:\/\/truckleie.no\/index.php?rest_route=\/wp\/v2\/product\/189\/revisions"}],"predecessor-version":[{"id":525,"href":"https:\/\/truckleie.no\/index.php?rest_route=\/wp\/v2\/product\/189\/revisions\/525"}],"wp:featuredmedia":[{"embeddable":true,"href":"https:\/\/truckleie.no\/index.php?rest_route=\/wp\/v2\/media\/191"}],"wp:attachment":[{"href":"https:\/\/truckleie.no\/index.php?rest_route=%2Fwp%2Fv2%2Fmedia&parent=189"}],"wp:term":[{"taxonomy":"product_brand","embeddable":true,"href":"https:\/\/truckleie.no\/index.php?rest_route=%2Fwp%2Fv2%2Fproduct_brand&post=189"},{"taxonomy":"product_cat","embeddable":true,"href":"https:\/\/truckleie.no\/index.php?rest_route=%2Fwp%2Fv2%2Fproduct_cat&post=189"},{"taxonomy":"product_tag","embeddable":true,"href":"https:\/\/truckleie.no\/index.php?rest_route=%2Fwp%2Fv2%2Fproduct_tag&post=189"}],"curies":[{"name":"wp","href":"https:\/\/api.w.org\/{rel}","templated":true}]}}