{"id":202,"date":"2019-12-15T21:23:46","date_gmt":"2019-12-15T21:23:46","guid":{"rendered":"http:\/\/ny.truckleie.no\/?post_type=product&#038;p=202"},"modified":"2026-02-23T22:52:24","modified_gmt":"2026-02-23T21:52:24","slug":"cqd15r-skyvemast-pallestabler","status":"publish","type":"product","link":"https:\/\/truckleie.no\/?product=cqd15r-skyvemast-pallestabler","title":{"rendered":"Pallestabler CQD15R &#8211; Skyvemast  4,5 Mtr"},"content":{"rendered":"<p>Skyvemast Pallestabler CQD15R &#8211; for trange lager med lav takh\u00f8yde<\/p>\n<table style=\"height: 1082px;\" width=\"520\">\n<tbody>\n<tr>\n<td width=\"303\">Modell Pallestabler<\/td>\n<td width=\"213\"><\/td>\n<td width=\"255\">CQD15R<\/td>\n<\/tr>\n<tr>\n<td width=\"303\">Lastekapasitet<\/td>\n<td width=\"213\">Q(kg)<\/td>\n<td width=\"255\">1500<\/td>\n<\/tr>\n<tr>\n<td width=\"303\">Lastesenter<\/td>\n<td width=\"213\">c(mm)<\/td>\n<td width=\"255\">500<\/td>\n<\/tr>\n<tr>\n<td width=\"303\">Rekkevidde<\/td>\n<td width=\"213\">x(mm)<\/td>\n<td width=\"255\">520<\/td>\n<\/tr>\n<tr>\n<td width=\"303\">Hjul Front<\/td>\n<td width=\"213\">mm<\/td>\n<td width=\"255\">\u03a6250\u00d770<\/td>\n<\/tr>\n<tr>\n<td width=\"303\">Hjul bak<\/td>\n<td width=\"213\">mm<\/td>\n<td width=\"255\">\u03a6210\u00d785<\/td>\n<\/tr>\n<tr>\n<td width=\"303\">Balansehjul<\/td>\n<td width=\"213\">mm<\/td>\n<td width=\"255\">\u03a6150\u00d760<\/td>\n<\/tr>\n<tr>\n<td width=\"303\">H\u00f8yde senket mast<\/td>\n<td width=\"213\">h1(mm)<\/td>\n<td width=\"255\">\u00a02128 mm<\/td>\n<\/tr>\n<tr>\n<td width=\"303\">L\u00f8fteh\u00f8yde<\/td>\n<td width=\"213\">h3(mm)<\/td>\n<td width=\"255\">\u00a04500 mm<\/td>\n<\/tr>\n<tr>\n<td width=\"303\">St\u00f8rste lengde<\/td>\n<td width=\"213\">l1(mm)<\/td>\n<td width=\"255\">2250<\/td>\n<\/tr>\n<tr>\n<td width=\"303\">Lengde til gaffelbord<\/td>\n<td width=\"213\">l2(mm)<\/td>\n<td width=\"255\">1240<\/td>\n<\/tr>\n<tr>\n<td width=\"303\">Bredde<\/td>\n<td width=\"213\">b1(mm)<\/td>\n<td width=\"255\">990<\/td>\n<\/tr>\n<tr>\n<td width=\"303\">Bredde gaffelbord<\/td>\n<td width=\"213\">b3(mm)<\/td>\n<td width=\"255\">220-680<\/td>\n<\/tr>\n<tr>\n<td width=\"303\">Rekevidde<\/td>\n<td width=\"213\">l3(mm)<\/td>\n<td width=\"255\">650<\/td>\n<\/tr>\n<tr>\n<td width=\"303\">Reolbredde for paller 800\u00d71200<\/td>\n<td width=\"213\">Ast(mm)<\/td>\n<td width=\"255\">2750<\/td>\n<\/tr>\n<tr>\n<td width=\"303\">Svingradius<\/td>\n<td width=\"213\">Wa(mm)<\/td>\n<td width=\"255\">1750<\/td>\n<\/tr>\n<tr>\n<td width=\"303\">Kj\u00f8rehastighet<\/td>\n<td width=\"213\">km\/h<\/td>\n<td width=\"255\">6-7<\/td>\n<\/tr>\n<tr>\n<td width=\"303\">Hastighet l\u00f8ft m\/u last<\/td>\n<td width=\"213\">m\/s<\/td>\n<td width=\"255\">0-0.13\/0-0.16<\/td>\n<\/tr>\n<tr>\n<td width=\"303\">Hastighet senk m\/u last<\/td>\n<td width=\"213\">m\/s<\/td>\n<td width=\"255\">0-0.45<\/td>\n<\/tr>\n<tr>\n<td width=\"303\">Batteri volts.\/ Cap.<\/td>\n<td width=\"213\">v\/ah<\/td>\n<td width=\"255\">24\/270<\/td>\n<\/tr>\n<tr>\n<td width=\"303\">Vekt batteri<\/td>\n<td width=\"213\">kg<\/td>\n<td width=\"255\">260-320<\/td>\n<\/tr>\n<tr>\n<td width=\"303\">Dimensjoner batteri (l*w*h)<\/td>\n<td width=\"213\">mm<\/td>\n<td width=\"255\">825x213x590<\/td>\n<\/tr>\n<tr>\n<td width=\"303\">Service vekt<\/td>\n<td width=\"213\">kg<\/td>\n<td width=\"255\">2140<\/td>\n<\/tr>\n<\/tbody>\n<\/table>\n<p>&nbsp;<\/p>\n","protected":false},"excerpt":{"rendered":"<p>Korttidsleie fra 1 dag til 24 mnd. Det perfekte valget for trange lager hvor det stables i h\u00f8yden med lite plass. Spar plass og penger. Pris pr. mnd eks mva FOB Lager. Ta kontakt for spesialtilbud for leie over lengre perioder eller andre behov.<\/p>\n","protected":false},"featured_media":205,"template":"","meta":[],"product_brand":[],"product_cat":[25,26],"product_tag":[43,45,44],"class_list":{"0":"post-202","1":"product","2":"type-product","3":"status-publish","4":"has-post-thumbnail","6":"product_cat-ledetrucker","7":"product_cat-pallestablere","8":"product_tag-ledestabler","9":"product_tag-ledetruck","10":"product_tag-pallestabler","12":"first","13":"instock","14":"taxable","15":"shipping-taxable","16":"purchasable","17":"product-type-simple"},"yoast_head":"<!-- This site is optimized with the Yoast SEO Premium plugin v27.0 (Yoast SEO v27.3) - https:\/\/yoast.com\/product\/yoast-seo-premium-wordpress\/ -->\n<title>Pallestabler - Skyvemast - Utleie - Truckleie<\/title>\n<meta name=\"description\" content=\"Pallestabler - Skyvemast er genial for trange lager med behov for store l\u00f8fteh\u00f8yder og fril\u00f8ft for lave takh\u00f8yder\" \/>\n<meta name=\"robots\" content=\"index, follow, max-snippet:-1, max-image-preview:large, max-video-preview:-1\" \/>\n<link rel=\"canonical\" href=\"https:\/\/truckleie.no\/?product=cqd15r-skyvemast-pallestabler\" \/>\n<meta property=\"og:locale\" content=\"nb_NO\" \/>\n<meta property=\"og:type\" content=\"article\" \/>\n<meta property=\"og:title\" content=\"Pallestabler CQD15R - Skyvemast 4,5 Mtr\" \/>\n<meta property=\"og:description\" content=\"Pallestabler - Skyvemast er genial for trange lager med behov for store l\u00f8fteh\u00f8yder og fril\u00f8ft for lave takh\u00f8yder\" \/>\n<meta property=\"og:url\" content=\"https:\/\/truckleie.no\/?product=cqd15r-skyvemast-pallestabler\" \/>\n<meta property=\"og:site_name\" content=\"Truckleie\" \/>\n<meta property=\"article:modified_time\" content=\"2026-02-23T21:52:24+00:00\" \/>\n<meta property=\"og:image\" content=\"https:\/\/truckleie.no\/wp-content\/uploads\/2019\/12\/CQD15R1.jpg\" \/>\n\t<meta property=\"og:image:width\" content=\"300\" \/>\n\t<meta property=\"og:image:height\" content=\"300\" \/>\n\t<meta property=\"og:image:type\" content=\"image\/jpeg\" \/>\n<meta name=\"twitter:card\" content=\"summary_large_image\" \/>\n<meta name=\"twitter:label1\" content=\"Pris\" \/>\n\t<meta name=\"twitter:data1\" content=\"&#107;&#114;&nbsp;6 000,00\" \/>\n\t<meta name=\"twitter:label2\" content=\"Availability\" \/>\n\t<meta name=\"twitter:data2\" content=\"In stock\" \/>\n<script type=\"application\/ld+json\" class=\"yoast-schema-graph\">{\"@context\":\"https:\\\/\\\/schema.org\",\"@graph\":[{\"@type\":\"WebPage\",\"@id\":\"https:\\\/\\\/truckleie.no\\\/?product=cqd15r-skyvemast-pallestabler\",\"url\":\"https:\\\/\\\/truckleie.no\\\/?product=cqd15r-skyvemast-pallestabler\",\"name\":\"Pallestabler - Skyvemast - Utleie - Truckleie\",\"isPartOf\":{\"@id\":\"https:\\\/\\\/truckleie.no\\\/#website\"},\"primaryImageOfPage\":{\"@id\":\"https:\\\/\\\/truckleie.no\\\/?product=cqd15r-skyvemast-pallestabler#primaryimage\"},\"image\":{\"@id\":\"https:\\\/\\\/truckleie.no\\\/?product=cqd15r-skyvemast-pallestabler#primaryimage\"},\"thumbnailUrl\":\"https:\\\/\\\/i0.wp.com\\\/truckleie.no\\\/wp-content\\\/uploads\\\/2019\\\/12\\\/CQD15R1.jpg?fit=300%2C300&ssl=1\",\"datePublished\":\"2019-12-15T21:23:46+00:00\",\"dateModified\":\"2026-02-23T21:52:24+00:00\",\"description\":\"Pallestabler - Skyvemast er genial for trange lager med behov for store l\u00f8fteh\u00f8yder og fril\u00f8ft for lave takh\u00f8yder\",\"breadcrumb\":{\"@id\":\"https:\\\/\\\/truckleie.no\\\/?product=cqd15r-skyvemast-pallestabler#breadcrumb\"},\"inLanguage\":\"nb-NO\",\"potentialAction\":[{\"@type\":\"ReadAction\",\"target\":[\"https:\\\/\\\/truckleie.no\\\/?product=cqd15r-skyvemast-pallestabler\"]}]},{\"@type\":\"ImageObject\",\"inLanguage\":\"nb-NO\",\"@id\":\"https:\\\/\\\/truckleie.no\\\/?product=cqd15r-skyvemast-pallestabler#primaryimage\",\"url\":\"https:\\\/\\\/i0.wp.com\\\/truckleie.no\\\/wp-content\\\/uploads\\\/2019\\\/12\\\/CQD15R1.jpg?fit=300%2C300&ssl=1\",\"contentUrl\":\"https:\\\/\\\/i0.wp.com\\\/truckleie.no\\\/wp-content\\\/uploads\\\/2019\\\/12\\\/CQD15R1.jpg?fit=300%2C300&ssl=1\",\"width\":300,\"height\":300,\"caption\":\"skyvemast pallestabler\"},{\"@type\":\"BreadcrumbList\",\"@id\":\"https:\\\/\\\/truckleie.no\\\/?product=cqd15r-skyvemast-pallestabler#breadcrumb\",\"itemListElement\":[{\"@type\":\"ListItem\",\"position\":1,\"name\":\"Truckleie\",\"item\":\"https:\\\/\\\/truckleie.no\\\/?page_id=1768\"},{\"@type\":\"ListItem\",\"position\":2,\"name\":\"Butikk\",\"item\":\"https:\\\/\\\/truckleie.no\\\/?page_id=6\"},{\"@type\":\"ListItem\",\"position\":3,\"name\":\"Ledetrucker\",\"item\":\"https:\\\/\\\/truckleie.no\\\/?product_cat=ledetrucker\"},{\"@type\":\"ListItem\",\"position\":4,\"name\":\"Pallestablere\",\"item\":\"https:\\\/\\\/truckleie.no\\\/?product_cat=pallestablere\"},{\"@type\":\"ListItem\",\"position\":5,\"name\":\"Pallestabler CQD15R &#8211; Skyvemast 4,5 Mtr\"}]},{\"@type\":\"WebSite\",\"@id\":\"https:\\\/\\\/truckleie.no\\\/#website\",\"url\":\"https:\\\/\\\/truckleie.no\\\/\",\"name\":\"Truckleie\",\"description\":\"SCANLIFT leier ut l\u00f8ftemateriell for transport og logistikk\",\"publisher\":{\"@id\":\"https:\\\/\\\/truckleie.no\\\/#organization\"},\"potentialAction\":[{\"@type\":\"SearchAction\",\"target\":{\"@type\":\"EntryPoint\",\"urlTemplate\":\"https:\\\/\\\/truckleie.no\\\/?s={search_term_string}\"},\"query-input\":{\"@type\":\"PropertyValueSpecification\",\"valueRequired\":true,\"valueName\":\"search_term_string\"}}],\"inLanguage\":\"nb-NO\"},{\"@type\":\"Organization\",\"@id\":\"https:\\\/\\\/truckleie.no\\\/#organization\",\"name\":\"truckleie.no\",\"url\":\"https:\\\/\\\/truckleie.no\\\/\",\"logo\":{\"@type\":\"ImageObject\",\"inLanguage\":\"nb-NO\",\"@id\":\"https:\\\/\\\/truckleie.no\\\/#\\\/schema\\\/logo\\\/image\\\/\",\"url\":\"https:\\\/\\\/i0.wp.com\\\/truckleie.no\\\/wp-content\\\/uploads\\\/2019\\\/12\\\/truckleie-scaled.jpg?fit=2560%2C2249&ssl=1\",\"contentUrl\":\"https:\\\/\\\/i0.wp.com\\\/truckleie.no\\\/wp-content\\\/uploads\\\/2019\\\/12\\\/truckleie-scaled.jpg?fit=2560%2C2249&ssl=1\",\"width\":2560,\"height\":2249,\"caption\":\"truckleie.no\"},\"image\":{\"@id\":\"https:\\\/\\\/truckleie.no\\\/#\\\/schema\\\/logo\\\/image\\\/\"}}]}<\/script>\n<meta property=\"product:price:amount\" content=\"6000.00\" \/>\n<meta property=\"product:price:currency\" content=\"NOK\" \/>\n<meta property=\"og:availability\" content=\"instock\" \/>\n<meta property=\"product:availability\" content=\"instock\" \/>\n<meta property=\"product:condition\" content=\"new\" \/>\n<!-- \/ Yoast SEO Premium plugin. -->","yoast_head_json":{"title":"Pallestabler - Skyvemast - Utleie - Truckleie","description":"Pallestabler - Skyvemast er genial for trange lager med behov for store l\u00f8fteh\u00f8yder og fril\u00f8ft for lave takh\u00f8yder","robots":{"index":"index","follow":"follow","max-snippet":"max-snippet:-1","max-image-preview":"max-image-preview:large","max-video-preview":"max-video-preview:-1"},"canonical":"https:\/\/truckleie.no\/?product=cqd15r-skyvemast-pallestabler","og_locale":"nb_NO","og_type":"article","og_title":"Pallestabler CQD15R - Skyvemast 4,5 Mtr","og_description":"Pallestabler - Skyvemast er genial for trange lager med behov for store l\u00f8fteh\u00f8yder og fril\u00f8ft for lave takh\u00f8yder","og_url":"https:\/\/truckleie.no\/?product=cqd15r-skyvemast-pallestabler","og_site_name":"Truckleie","article_modified_time":"2026-02-23T21:52:24+00:00","og_image":[{"width":300,"height":300,"url":"https:\/\/truckleie.no\/wp-content\/uploads\/2019\/12\/CQD15R1.jpg","type":"image\/jpeg"}],"twitter_card":"summary_large_image","twitter_misc":{"Pris":"&#107;&#114;&nbsp;6 000,00","Availability":"In stock"},"schema":{"@context":"https:\/\/schema.org","@graph":[{"@type":"WebPage","@id":"https:\/\/truckleie.no\/?product=cqd15r-skyvemast-pallestabler","url":"https:\/\/truckleie.no\/?product=cqd15r-skyvemast-pallestabler","name":"Pallestabler - Skyvemast - Utleie - Truckleie","isPartOf":{"@id":"https:\/\/truckleie.no\/#website"},"primaryImageOfPage":{"@id":"https:\/\/truckleie.no\/?product=cqd15r-skyvemast-pallestabler#primaryimage"},"image":{"@id":"https:\/\/truckleie.no\/?product=cqd15r-skyvemast-pallestabler#primaryimage"},"thumbnailUrl":"https:\/\/i0.wp.com\/truckleie.no\/wp-content\/uploads\/2019\/12\/CQD15R1.jpg?fit=300%2C300&ssl=1","datePublished":"2019-12-15T21:23:46+00:00","dateModified":"2026-02-23T21:52:24+00:00","description":"Pallestabler - Skyvemast er genial for trange lager med behov for store l\u00f8fteh\u00f8yder og fril\u00f8ft for lave takh\u00f8yder","breadcrumb":{"@id":"https:\/\/truckleie.no\/?product=cqd15r-skyvemast-pallestabler#breadcrumb"},"inLanguage":"nb-NO","potentialAction":[{"@type":"ReadAction","target":["https:\/\/truckleie.no\/?product=cqd15r-skyvemast-pallestabler"]}]},{"@type":"ImageObject","inLanguage":"nb-NO","@id":"https:\/\/truckleie.no\/?product=cqd15r-skyvemast-pallestabler#primaryimage","url":"https:\/\/i0.wp.com\/truckleie.no\/wp-content\/uploads\/2019\/12\/CQD15R1.jpg?fit=300%2C300&ssl=1","contentUrl":"https:\/\/i0.wp.com\/truckleie.no\/wp-content\/uploads\/2019\/12\/CQD15R1.jpg?fit=300%2C300&ssl=1","width":300,"height":300,"caption":"skyvemast pallestabler"},{"@type":"BreadcrumbList","@id":"https:\/\/truckleie.no\/?product=cqd15r-skyvemast-pallestabler#breadcrumb","itemListElement":[{"@type":"ListItem","position":1,"name":"Truckleie","item":"https:\/\/truckleie.no\/?page_id=1768"},{"@type":"ListItem","position":2,"name":"Butikk","item":"https:\/\/truckleie.no\/?page_id=6"},{"@type":"ListItem","position":3,"name":"Ledetrucker","item":"https:\/\/truckleie.no\/?product_cat=ledetrucker"},{"@type":"ListItem","position":4,"name":"Pallestablere","item":"https:\/\/truckleie.no\/?product_cat=pallestablere"},{"@type":"ListItem","position":5,"name":"Pallestabler CQD15R &#8211; Skyvemast 4,5 Mtr"}]},{"@type":"WebSite","@id":"https:\/\/truckleie.no\/#website","url":"https:\/\/truckleie.no\/","name":"Truckleie","description":"SCANLIFT leier ut l\u00f8ftemateriell for transport og logistikk","publisher":{"@id":"https:\/\/truckleie.no\/#organization"},"potentialAction":[{"@type":"SearchAction","target":{"@type":"EntryPoint","urlTemplate":"https:\/\/truckleie.no\/?s={search_term_string}"},"query-input":{"@type":"PropertyValueSpecification","valueRequired":true,"valueName":"search_term_string"}}],"inLanguage":"nb-NO"},{"@type":"Organization","@id":"https:\/\/truckleie.no\/#organization","name":"truckleie.no","url":"https:\/\/truckleie.no\/","logo":{"@type":"ImageObject","inLanguage":"nb-NO","@id":"https:\/\/truckleie.no\/#\/schema\/logo\/image\/","url":"https:\/\/i0.wp.com\/truckleie.no\/wp-content\/uploads\/2019\/12\/truckleie-scaled.jpg?fit=2560%2C2249&ssl=1","contentUrl":"https:\/\/i0.wp.com\/truckleie.no\/wp-content\/uploads\/2019\/12\/truckleie-scaled.jpg?fit=2560%2C2249&ssl=1","width":2560,"height":2249,"caption":"truckleie.no"},"image":{"@id":"https:\/\/truckleie.no\/#\/schema\/logo\/image\/"}}]},"product_price_amount":"6000.00","product_price_currency":"NOK","og_availability":"instock","product_availability":"instock","product_condition":"new"},"jetpack_sharing_enabled":true,"_links":{"self":[{"href":"https:\/\/truckleie.no\/index.php?rest_route=\/wp\/v2\/product\/202","targetHints":{"allow":["GET"]}}],"collection":[{"href":"https:\/\/truckleie.no\/index.php?rest_route=\/wp\/v2\/product"}],"about":[{"href":"https:\/\/truckleie.no\/index.php?rest_route=\/wp\/v2\/types\/product"}],"version-history":[{"count":8,"href":"https:\/\/truckleie.no\/index.php?rest_route=\/wp\/v2\/product\/202\/revisions"}],"predecessor-version":[{"id":1857,"href":"https:\/\/truckleie.no\/index.php?rest_route=\/wp\/v2\/product\/202\/revisions\/1857"}],"wp:featuredmedia":[{"embeddable":true,"href":"https:\/\/truckleie.no\/index.php?rest_route=\/wp\/v2\/media\/205"}],"wp:attachment":[{"href":"https:\/\/truckleie.no\/index.php?rest_route=%2Fwp%2Fv2%2Fmedia&parent=202"}],"wp:term":[{"taxonomy":"product_brand","embeddable":true,"href":"https:\/\/truckleie.no\/index.php?rest_route=%2Fwp%2Fv2%2Fproduct_brand&post=202"},{"taxonomy":"product_cat","embeddable":true,"href":"https:\/\/truckleie.no\/index.php?rest_route=%2Fwp%2Fv2%2Fproduct_cat&post=202"},{"taxonomy":"product_tag","embeddable":true,"href":"https:\/\/truckleie.no\/index.php?rest_route=%2Fwp%2Fv2%2Fproduct_tag&post=202"}],"curies":[{"name":"wp","href":"https:\/\/api.w.org\/{rel}","templated":true}]}}