{"id":380,"date":"2019-12-26T19:52:41","date_gmt":"2019-12-26T18:52:41","guid":{"rendered":"http:\/\/ny.truckleie.no\/?post_type=product&#038;p=380"},"modified":"2020-02-25T22:35:59","modified_gmt":"2020-02-25T21:35:59","slug":"mobile-loftesoyler-30-ton","status":"publish","type":"product","link":"https:\/\/truckleie.no\/?product=mobile-loftesoyler-30-ton","title":{"rendered":"Mobile L\u00f8ftes\u00f8yler for last- 30 Ton"},"content":{"rendered":"<div id=\"tab-description\" class=\"woocommerce-Tabs-panel woocommerce-Tabs-panel--description panel entry-content active\" role=\"tabpanel\" aria-labelledby=\"tab-title-description\">\n<p>Utleie av Mobile l\u00f8ftes\u00f8yler for last ML4030<\/p>\n<ul>\n<li>L\u00f8ftekapasitet 7500 kg pr. s\u00f8yle<\/li>\n<li>L\u00f8fteh\u00f8yde 1700mm<\/li>\n<li>Hastighet opp\/ned 120s\/100s<\/li>\n<li>El Tilkobling Kabel 230V\/3-Fas (Alt. 400 V)<\/li>\n<li>Motor 2,2 kW pr. s\u00f8yle<br \/>\nVekt 580 kg\/pr. s\u00f8yle<\/li>\n<li>System Hydraulisk<\/li>\n<li>M\u00e5l (cm) (H*B*L) 226*110*120<\/li>\n<\/ul>\n<div class=\"tab-content\">\n<div id=\"productDesc\" class=\"tab-pane active\" role=\"tabpanel\">\n<p><strong>MAXIMA ML 4030 <\/strong><br \/>\n4 s\u00f8yler Hydraulisk med mekanisk l\u00e5s.Hver s\u00f8yle med eget kontrollsystem<br \/>\nHydraulisk\/elektronisk overv\u00e5king, SCM kontroll av synkronisering<br \/>\nFast eller fleksibel hjulst\u00f8rrelse<br \/>\nMobil og fleksibel<br \/>\nKan benyttes utend\u00f8rs og i vaskehaller Ingen installasjonskostnader. Valgmuligheter:<br \/>\n4, 6 eller 8 s\u00f8yler som option<br \/>\nFjernkontroll m\/10 m. kabel<br \/>\nJusterbar hjuldiameter<br \/>\nLCD diagnose av prosess<\/p>\n<p>Se video p\u00e5 You Tube<\/p>\n<p><a href=\"https:\/\/www.youtube.com\/watch?v=ClUxZLsqb18\">http:\/\/www.youtube.com\/watch?v=ClUxZLsqb18<\/a><\/p>\n<\/div>\n<\/div>\n<\/div>\n","protected":false},"excerpt":{"rendered":"<p>Korttidsleie fra 1 dag til 24 mnd. En pratisk l\u00f8sning som l\u00f8ser kortsiktig behov.\u00a0 Pris pr. mnd eks mva., FOB Lager. Ta kontakt for spesialtilbud for leie over lengre perioder eller andre behov.<\/p>\n","protected":false},"featured_media":381,"template":"","meta":[],"product_brand":[],"product_cat":[15],"product_tag":[39,41,40],"class_list":{"0":"post-380","1":"product","2":"type-product","3":"status-publish","4":"has-post-thumbnail","6":"product_cat-diverse","7":"product_tag-kjorerampe","8":"product_tag-lasterampe","9":"product_tag-truckrampe","11":"first","12":"instock","13":"taxable","14":"shipping-taxable","15":"purchasable","16":"product-type-simple"},"yoast_head":"<!-- This site is optimized with the Yoast SEO Premium plugin v27.0 (Yoast SEO v27.3) - https:\/\/yoast.com\/product\/yoast-seo-premium-wordpress\/ -->\n<title>Mobile L\u00f8ftes\u00f8yler for last- 30 Ton Utleie - Truckleie<\/title>\n<meta name=\"description\" content=\"Med et stort lager av mobile l\u00f8ftes\u00f8yler for last har vi alltid mulighet for utleie av s\u00f8yler i kortere eller lengre perioder. 30 eller 45 ton. - 7,5 Ton pr. s\u00f8yle\" \/>\n<meta name=\"robots\" content=\"index, follow, max-snippet:-1, max-image-preview:large, max-video-preview:-1\" \/>\n<link rel=\"canonical\" href=\"https:\/\/truckleie.no\/?product=mobile-loftesoyler-30-ton\" \/>\n<meta property=\"og:locale\" content=\"nb_NO\" \/>\n<meta property=\"og:type\" content=\"article\" \/>\n<meta property=\"og:title\" content=\"Mobile L\u00f8ftes\u00f8yler for last- 30 Ton\" \/>\n<meta property=\"og:description\" content=\"Med et stort lager av mobile l\u00f8ftes\u00f8yler for last har vi alltid mulighet for utleie av s\u00f8yler i kortere eller lengre perioder. 30 eller 45 ton. - 7,5 Ton pr. s\u00f8yle\" \/>\n<meta property=\"og:url\" content=\"https:\/\/truckleie.no\/?product=mobile-loftesoyler-30-ton\" \/>\n<meta property=\"og:site_name\" content=\"Truckleie\" \/>\n<meta property=\"article:modified_time\" content=\"2020-02-25T21:35:59+00:00\" \/>\n<meta property=\"og:image\" content=\"https:\/\/i1.wp.com\/truckleie.no\/wp-content\/uploads\/2019\/12\/maxima4030-scaled.jpg?fit=2081%2C2560&ssl=1\" \/>\n\t<meta property=\"og:image:width\" content=\"2081\" \/>\n\t<meta property=\"og:image:height\" content=\"2560\" \/>\n\t<meta property=\"og:image:type\" content=\"image\/jpeg\" \/>\n<meta name=\"twitter:card\" content=\"summary_large_image\" \/>\n<meta name=\"twitter:label1\" content=\"Pris\" \/>\n\t<meta name=\"twitter:data1\" content=\"&#107;&#114;&nbsp;6 000,00\" \/>\n\t<meta name=\"twitter:label2\" content=\"Availability\" \/>\n\t<meta name=\"twitter:data2\" content=\"In stock\" \/>\n<script type=\"application\/ld+json\" class=\"yoast-schema-graph\">{\"@context\":\"https:\\\/\\\/schema.org\",\"@graph\":[{\"@type\":\"WebPage\",\"@id\":\"https:\\\/\\\/truckleie.no\\\/?product=mobile-loftesoyler-30-ton\",\"url\":\"https:\\\/\\\/truckleie.no\\\/?product=mobile-loftesoyler-30-ton\",\"name\":\"Mobile L\u00f8ftes\u00f8yler for last- 30 Ton Utleie - Truckleie\",\"isPartOf\":{\"@id\":\"https:\\\/\\\/truckleie.no\\\/#website\"},\"primaryImageOfPage\":{\"@id\":\"https:\\\/\\\/truckleie.no\\\/?product=mobile-loftesoyler-30-ton#primaryimage\"},\"image\":{\"@id\":\"https:\\\/\\\/truckleie.no\\\/?product=mobile-loftesoyler-30-ton#primaryimage\"},\"thumbnailUrl\":\"https:\\\/\\\/i0.wp.com\\\/truckleie.no\\\/wp-content\\\/uploads\\\/2019\\\/12\\\/maxima4030-scaled.jpg?fit=2081%2C2560&ssl=1\",\"datePublished\":\"2019-12-26T18:52:41+00:00\",\"dateModified\":\"2020-02-25T21:35:59+00:00\",\"description\":\"Med et stort lager av mobile l\u00f8ftes\u00f8yler for last har vi alltid mulighet for utleie av s\u00f8yler i kortere eller lengre perioder. 30 eller 45 ton. - 7,5 Ton pr. s\u00f8yle\",\"breadcrumb\":{\"@id\":\"https:\\\/\\\/truckleie.no\\\/?product=mobile-loftesoyler-30-ton#breadcrumb\"},\"inLanguage\":\"nb-NO\",\"potentialAction\":[{\"@type\":\"ReadAction\",\"target\":[\"https:\\\/\\\/truckleie.no\\\/?product=mobile-loftesoyler-30-ton\"]}]},{\"@type\":\"ImageObject\",\"inLanguage\":\"nb-NO\",\"@id\":\"https:\\\/\\\/truckleie.no\\\/?product=mobile-loftesoyler-30-ton#primaryimage\",\"url\":\"https:\\\/\\\/i0.wp.com\\\/truckleie.no\\\/wp-content\\\/uploads\\\/2019\\\/12\\\/maxima4030-scaled.jpg?fit=2081%2C2560&ssl=1\",\"contentUrl\":\"https:\\\/\\\/i0.wp.com\\\/truckleie.no\\\/wp-content\\\/uploads\\\/2019\\\/12\\\/maxima4030-scaled.jpg?fit=2081%2C2560&ssl=1\",\"width\":2081,\"height\":2560,\"caption\":\"mobile l\u00f8ftes\u00f8yler\"},{\"@type\":\"BreadcrumbList\",\"@id\":\"https:\\\/\\\/truckleie.no\\\/?product=mobile-loftesoyler-30-ton#breadcrumb\",\"itemListElement\":[{\"@type\":\"ListItem\",\"position\":1,\"name\":\"Truckleie\",\"item\":\"https:\\\/\\\/truckleie.no\\\/?page_id=1768\"},{\"@type\":\"ListItem\",\"position\":2,\"name\":\"Butikk\",\"item\":\"https:\\\/\\\/truckleie.no\\\/?page_id=6\"},{\"@type\":\"ListItem\",\"position\":3,\"name\":\"Diverse Logistikkmateriell\",\"item\":\"https:\\\/\\\/truckleie.no\\\/?product_cat=diverse\"},{\"@type\":\"ListItem\",\"position\":4,\"name\":\"Mobile L\u00f8ftes\u00f8yler for last- 30 Ton\"}]},{\"@type\":\"WebSite\",\"@id\":\"https:\\\/\\\/truckleie.no\\\/#website\",\"url\":\"https:\\\/\\\/truckleie.no\\\/\",\"name\":\"Truckleie\",\"description\":\"SCANLIFT leier ut l\u00f8ftemateriell for transport og logistikk\",\"publisher\":{\"@id\":\"https:\\\/\\\/truckleie.no\\\/#organization\"},\"potentialAction\":[{\"@type\":\"SearchAction\",\"target\":{\"@type\":\"EntryPoint\",\"urlTemplate\":\"https:\\\/\\\/truckleie.no\\\/?s={search_term_string}\"},\"query-input\":{\"@type\":\"PropertyValueSpecification\",\"valueRequired\":true,\"valueName\":\"search_term_string\"}}],\"inLanguage\":\"nb-NO\"},{\"@type\":\"Organization\",\"@id\":\"https:\\\/\\\/truckleie.no\\\/#organization\",\"name\":\"truckleie.no\",\"url\":\"https:\\\/\\\/truckleie.no\\\/\",\"logo\":{\"@type\":\"ImageObject\",\"inLanguage\":\"nb-NO\",\"@id\":\"https:\\\/\\\/truckleie.no\\\/#\\\/schema\\\/logo\\\/image\\\/\",\"url\":\"https:\\\/\\\/i0.wp.com\\\/truckleie.no\\\/wp-content\\\/uploads\\\/2019\\\/12\\\/truckleie-scaled.jpg?fit=2560%2C2249&ssl=1\",\"contentUrl\":\"https:\\\/\\\/i0.wp.com\\\/truckleie.no\\\/wp-content\\\/uploads\\\/2019\\\/12\\\/truckleie-scaled.jpg?fit=2560%2C2249&ssl=1\",\"width\":2560,\"height\":2249,\"caption\":\"truckleie.no\"},\"image\":{\"@id\":\"https:\\\/\\\/truckleie.no\\\/#\\\/schema\\\/logo\\\/image\\\/\"}}]}<\/script>\n<meta property=\"product:price:amount\" content=\"6000.00\" \/>\n<meta property=\"product:price:currency\" content=\"NOK\" \/>\n<meta property=\"og:availability\" content=\"instock\" \/>\n<meta property=\"product:availability\" content=\"instock\" \/>\n<meta property=\"product:retailer_item_id\" content=\"ML4030\" \/>\n<meta property=\"product:condition\" content=\"new\" \/>\n<!-- \/ Yoast SEO Premium plugin. -->","yoast_head_json":{"title":"Mobile L\u00f8ftes\u00f8yler for last- 30 Ton Utleie - Truckleie","description":"Med et stort lager av mobile l\u00f8ftes\u00f8yler for last har vi alltid mulighet for utleie av s\u00f8yler i kortere eller lengre perioder. 30 eller 45 ton. - 7,5 Ton pr. s\u00f8yle","robots":{"index":"index","follow":"follow","max-snippet":"max-snippet:-1","max-image-preview":"max-image-preview:large","max-video-preview":"max-video-preview:-1"},"canonical":"https:\/\/truckleie.no\/?product=mobile-loftesoyler-30-ton","og_locale":"nb_NO","og_type":"article","og_title":"Mobile L\u00f8ftes\u00f8yler for last- 30 Ton","og_description":"Med et stort lager av mobile l\u00f8ftes\u00f8yler for last har vi alltid mulighet for utleie av s\u00f8yler i kortere eller lengre perioder. 30 eller 45 ton. - 7,5 Ton pr. s\u00f8yle","og_url":"https:\/\/truckleie.no\/?product=mobile-loftesoyler-30-ton","og_site_name":"Truckleie","article_modified_time":"2020-02-25T21:35:59+00:00","og_image":[{"width":2081,"height":2560,"url":"https:\/\/i1.wp.com\/truckleie.no\/wp-content\/uploads\/2019\/12\/maxima4030-scaled.jpg?fit=2081%2C2560&ssl=1","type":"image\/jpeg"}],"twitter_card":"summary_large_image","twitter_misc":{"Pris":"&#107;&#114;&nbsp;6 000,00","Availability":"In stock"},"schema":{"@context":"https:\/\/schema.org","@graph":[{"@type":"WebPage","@id":"https:\/\/truckleie.no\/?product=mobile-loftesoyler-30-ton","url":"https:\/\/truckleie.no\/?product=mobile-loftesoyler-30-ton","name":"Mobile L\u00f8ftes\u00f8yler for last- 30 Ton Utleie - Truckleie","isPartOf":{"@id":"https:\/\/truckleie.no\/#website"},"primaryImageOfPage":{"@id":"https:\/\/truckleie.no\/?product=mobile-loftesoyler-30-ton#primaryimage"},"image":{"@id":"https:\/\/truckleie.no\/?product=mobile-loftesoyler-30-ton#primaryimage"},"thumbnailUrl":"https:\/\/i0.wp.com\/truckleie.no\/wp-content\/uploads\/2019\/12\/maxima4030-scaled.jpg?fit=2081%2C2560&ssl=1","datePublished":"2019-12-26T18:52:41+00:00","dateModified":"2020-02-25T21:35:59+00:00","description":"Med et stort lager av mobile l\u00f8ftes\u00f8yler for last har vi alltid mulighet for utleie av s\u00f8yler i kortere eller lengre perioder. 30 eller 45 ton. - 7,5 Ton pr. s\u00f8yle","breadcrumb":{"@id":"https:\/\/truckleie.no\/?product=mobile-loftesoyler-30-ton#breadcrumb"},"inLanguage":"nb-NO","potentialAction":[{"@type":"ReadAction","target":["https:\/\/truckleie.no\/?product=mobile-loftesoyler-30-ton"]}]},{"@type":"ImageObject","inLanguage":"nb-NO","@id":"https:\/\/truckleie.no\/?product=mobile-loftesoyler-30-ton#primaryimage","url":"https:\/\/i0.wp.com\/truckleie.no\/wp-content\/uploads\/2019\/12\/maxima4030-scaled.jpg?fit=2081%2C2560&ssl=1","contentUrl":"https:\/\/i0.wp.com\/truckleie.no\/wp-content\/uploads\/2019\/12\/maxima4030-scaled.jpg?fit=2081%2C2560&ssl=1","width":2081,"height":2560,"caption":"mobile l\u00f8ftes\u00f8yler"},{"@type":"BreadcrumbList","@id":"https:\/\/truckleie.no\/?product=mobile-loftesoyler-30-ton#breadcrumb","itemListElement":[{"@type":"ListItem","position":1,"name":"Truckleie","item":"https:\/\/truckleie.no\/?page_id=1768"},{"@type":"ListItem","position":2,"name":"Butikk","item":"https:\/\/truckleie.no\/?page_id=6"},{"@type":"ListItem","position":3,"name":"Diverse Logistikkmateriell","item":"https:\/\/truckleie.no\/?product_cat=diverse"},{"@type":"ListItem","position":4,"name":"Mobile L\u00f8ftes\u00f8yler for last- 30 Ton"}]},{"@type":"WebSite","@id":"https:\/\/truckleie.no\/#website","url":"https:\/\/truckleie.no\/","name":"Truckleie","description":"SCANLIFT leier ut l\u00f8ftemateriell for transport og logistikk","publisher":{"@id":"https:\/\/truckleie.no\/#organization"},"potentialAction":[{"@type":"SearchAction","target":{"@type":"EntryPoint","urlTemplate":"https:\/\/truckleie.no\/?s={search_term_string}"},"query-input":{"@type":"PropertyValueSpecification","valueRequired":true,"valueName":"search_term_string"}}],"inLanguage":"nb-NO"},{"@type":"Organization","@id":"https:\/\/truckleie.no\/#organization","name":"truckleie.no","url":"https:\/\/truckleie.no\/","logo":{"@type":"ImageObject","inLanguage":"nb-NO","@id":"https:\/\/truckleie.no\/#\/schema\/logo\/image\/","url":"https:\/\/i0.wp.com\/truckleie.no\/wp-content\/uploads\/2019\/12\/truckleie-scaled.jpg?fit=2560%2C2249&ssl=1","contentUrl":"https:\/\/i0.wp.com\/truckleie.no\/wp-content\/uploads\/2019\/12\/truckleie-scaled.jpg?fit=2560%2C2249&ssl=1","width":2560,"height":2249,"caption":"truckleie.no"},"image":{"@id":"https:\/\/truckleie.no\/#\/schema\/logo\/image\/"}}]},"product_price_amount":"6000.00","product_price_currency":"NOK","og_availability":"instock","product_availability":"instock","product_retailer_item_id":"ML4030","product_condition":"new"},"jetpack_sharing_enabled":true,"_links":{"self":[{"href":"https:\/\/truckleie.no\/index.php?rest_route=\/wp\/v2\/product\/380","targetHints":{"allow":["GET"]}}],"collection":[{"href":"https:\/\/truckleie.no\/index.php?rest_route=\/wp\/v2\/product"}],"about":[{"href":"https:\/\/truckleie.no\/index.php?rest_route=\/wp\/v2\/types\/product"}],"version-history":[{"count":4,"href":"https:\/\/truckleie.no\/index.php?rest_route=\/wp\/v2\/product\/380\/revisions"}],"predecessor-version":[{"id":1412,"href":"https:\/\/truckleie.no\/index.php?rest_route=\/wp\/v2\/product\/380\/revisions\/1412"}],"wp:featuredmedia":[{"embeddable":true,"href":"https:\/\/truckleie.no\/index.php?rest_route=\/wp\/v2\/media\/381"}],"wp:attachment":[{"href":"https:\/\/truckleie.no\/index.php?rest_route=%2Fwp%2Fv2%2Fmedia&parent=380"}],"wp:term":[{"taxonomy":"product_brand","embeddable":true,"href":"https:\/\/truckleie.no\/index.php?rest_route=%2Fwp%2Fv2%2Fproduct_brand&post=380"},{"taxonomy":"product_cat","embeddable":true,"href":"https:\/\/truckleie.no\/index.php?rest_route=%2Fwp%2Fv2%2Fproduct_cat&post=380"},{"taxonomy":"product_tag","embeddable":true,"href":"https:\/\/truckleie.no\/index.php?rest_route=%2Fwp%2Fv2%2Fproduct_tag&post=380"}],"curies":[{"name":"wp","href":"https:\/\/api.w.org\/{rel}","templated":true}]}}