{"id":393,"date":"2019-12-26T20:16:15","date_gmt":"2019-12-26T19:16:15","guid":{"rendered":"http:\/\/ny.truckleie.no\/?post_type=product&#038;p=393"},"modified":"2021-02-14T13:21:49","modified_gmt":"2021-02-14T12:21:49","slug":"psw10s-pallestabler-1000-kg-3-mtr","status":"publish","type":"product","link":"https:\/\/truckleie.no\/?product=psw10s-pallestabler-1000-kg-3-mtr","title":{"rendered":"CDD10RE Pallestabler 1000 kg &#8211; 3 mtr"},"content":{"rendered":"<p>\u00d8konomisk pallestabler med 3 mtr. l\u00f8fteh\u00f8yde. 1000 kg l\u00f8ftekapasitet p\u00e5 600mm lastesenter. Solide Polyuretan hjul. Totalh\u00f8yde med senket mast 2090 mm. Curtis controller. Batterikapasitet 24V\/105aH<\/p>\n","protected":false},"excerpt":{"rendered":"<p>Korttidsleie fra 1 dag til 24 mnd. Et smart valg hvor behovet ikke er permanent. F\u00e5 pallene opp i h\u00f8yden. Spar plass og penger. Pris pr. mnd eks mva FOB Lager. Ta kontakt for spesialtilbud for leie over lengre perioder eller andre behov.<\/p>\n","protected":false},"featured_media":507,"template":"","meta":[],"product_brand":[],"product_cat":[25,26],"product_tag":[46,45,44],"class_list":{"0":"post-393","1":"product","2":"type-product","3":"status-publish","4":"has-post-thumbnail","6":"product_cat-ledetrucker","7":"product_cat-pallestablere","8":"product_tag-lagetruck","9":"product_tag-ledetruck","10":"product_tag-pallestabler","12":"first","13":"instock","14":"taxable","15":"shipping-taxable","16":"purchasable","17":"product-type-simple"},"yoast_head":"<!-- This site is optimized with the Yoast SEO Premium plugin v27.0 (Yoast SEO v27.3) - https:\/\/yoast.com\/product\/yoast-seo-premium-wordpress\/ -->\n<title>Utleie CDD10RE Pallestabler 1000 kg - 3 mtr - Truckleie<\/title>\n<meta name=\"description\" content=\"Lei Pallestabler p\u00e5 kort eller lang tid. PSWS10S er et godt alternativ. 3 Mtr L\u00f8fteh\u00f8yde . 1000 kg l\u00f8ftekapasitet\" \/>\n<meta name=\"robots\" content=\"index, follow, max-snippet:-1, max-image-preview:large, max-video-preview:-1\" \/>\n<link rel=\"canonical\" href=\"https:\/\/truckleie.no\/?product=psw10s-pallestabler-1000-kg-3-mtr\" \/>\n<meta property=\"og:locale\" content=\"nb_NO\" \/>\n<meta property=\"og:type\" content=\"article\" \/>\n<meta property=\"og:title\" content=\"CDD10RE Pallestabler 1000 kg - 3 mtr\" \/>\n<meta property=\"og:description\" content=\"Lei Pallestabler p\u00e5 kort eller lang tid. PSWS10S er et godt alternativ. 3 Mtr L\u00f8fteh\u00f8yde . 1000 kg l\u00f8ftekapasitet\" \/>\n<meta property=\"og:url\" content=\"https:\/\/truckleie.no\/?product=psw10s-pallestabler-1000-kg-3-mtr\" \/>\n<meta property=\"og:site_name\" content=\"Truckleie\" \/>\n<meta property=\"article:modified_time\" content=\"2021-02-14T12:21:49+00:00\" \/>\n<meta property=\"og:image\" content=\"https:\/\/i0.wp.com\/truckleie.no\/wp-content\/uploads\/2019\/12\/CDD10R-ES-2-scaled.jpg?fit=2022%2C2560&ssl=1\" \/>\n\t<meta property=\"og:image:width\" content=\"2022\" \/>\n\t<meta property=\"og:image:height\" content=\"2560\" \/>\n\t<meta property=\"og:image:type\" content=\"image\/jpeg\" \/>\n<meta name=\"twitter:card\" content=\"summary_large_image\" \/>\n<meta name=\"twitter:label1\" content=\"Pris\" \/>\n\t<meta name=\"twitter:data1\" content=\"&#107;&#114;&nbsp;1 750,00\" \/>\n\t<meta name=\"twitter:label2\" content=\"Availability\" \/>\n\t<meta name=\"twitter:data2\" content=\"In stock\" \/>\n<script type=\"application\/ld+json\" class=\"yoast-schema-graph\">{\"@context\":\"https:\\\/\\\/schema.org\",\"@graph\":[{\"@type\":\"WebPage\",\"@id\":\"https:\\\/\\\/truckleie.no\\\/?product=psw10s-pallestabler-1000-kg-3-mtr\",\"url\":\"https:\\\/\\\/truckleie.no\\\/?product=psw10s-pallestabler-1000-kg-3-mtr\",\"name\":\"Utleie CDD10RE Pallestabler 1000 kg - 3 mtr - Truckleie\",\"isPartOf\":{\"@id\":\"https:\\\/\\\/truckleie.no\\\/#website\"},\"primaryImageOfPage\":{\"@id\":\"https:\\\/\\\/truckleie.no\\\/?product=psw10s-pallestabler-1000-kg-3-mtr#primaryimage\"},\"image\":{\"@id\":\"https:\\\/\\\/truckleie.no\\\/?product=psw10s-pallestabler-1000-kg-3-mtr#primaryimage\"},\"thumbnailUrl\":\"https:\\\/\\\/i0.wp.com\\\/truckleie.no\\\/wp-content\\\/uploads\\\/2019\\\/12\\\/CDD10R-ES-2-scaled.jpg?fit=2022%2C2560&ssl=1\",\"datePublished\":\"2019-12-26T19:16:15+00:00\",\"dateModified\":\"2021-02-14T12:21:49+00:00\",\"description\":\"Lei Pallestabler p\u00e5 kort eller lang tid. PSWS10S er et godt alternativ. 3 Mtr L\u00f8fteh\u00f8yde . 1000 kg l\u00f8ftekapasitet\",\"breadcrumb\":{\"@id\":\"https:\\\/\\\/truckleie.no\\\/?product=psw10s-pallestabler-1000-kg-3-mtr#breadcrumb\"},\"inLanguage\":\"nb-NO\",\"potentialAction\":[{\"@type\":\"ReadAction\",\"target\":[\"https:\\\/\\\/truckleie.no\\\/?product=psw10s-pallestabler-1000-kg-3-mtr\"]}]},{\"@type\":\"ImageObject\",\"inLanguage\":\"nb-NO\",\"@id\":\"https:\\\/\\\/truckleie.no\\\/?product=psw10s-pallestabler-1000-kg-3-mtr#primaryimage\",\"url\":\"https:\\\/\\\/i0.wp.com\\\/truckleie.no\\\/wp-content\\\/uploads\\\/2019\\\/12\\\/CDD10R-ES-2-scaled.jpg?fit=2022%2C2560&ssl=1\",\"contentUrl\":\"https:\\\/\\\/i0.wp.com\\\/truckleie.no\\\/wp-content\\\/uploads\\\/2019\\\/12\\\/CDD10R-ES-2-scaled.jpg?fit=2022%2C2560&ssl=1\",\"width\":2022,\"height\":2560,\"caption\":\"pallestabler\"},{\"@type\":\"BreadcrumbList\",\"@id\":\"https:\\\/\\\/truckleie.no\\\/?product=psw10s-pallestabler-1000-kg-3-mtr#breadcrumb\",\"itemListElement\":[{\"@type\":\"ListItem\",\"position\":1,\"name\":\"Truckleie\",\"item\":\"https:\\\/\\\/truckleie.no\\\/?page_id=1768\"},{\"@type\":\"ListItem\",\"position\":2,\"name\":\"Butikk\",\"item\":\"https:\\\/\\\/truckleie.no\\\/?page_id=6\"},{\"@type\":\"ListItem\",\"position\":3,\"name\":\"Ledetrucker\",\"item\":\"https:\\\/\\\/truckleie.no\\\/?product_cat=ledetrucker\"},{\"@type\":\"ListItem\",\"position\":4,\"name\":\"Pallestablere\",\"item\":\"https:\\\/\\\/truckleie.no\\\/?product_cat=pallestablere\"},{\"@type\":\"ListItem\",\"position\":5,\"name\":\"utleoie av pallestabler\"}]},{\"@type\":\"WebSite\",\"@id\":\"https:\\\/\\\/truckleie.no\\\/#website\",\"url\":\"https:\\\/\\\/truckleie.no\\\/\",\"name\":\"Truckleie\",\"description\":\"SCANLIFT leier ut l\u00f8ftemateriell for transport og logistikk\",\"publisher\":{\"@id\":\"https:\\\/\\\/truckleie.no\\\/#organization\"},\"potentialAction\":[{\"@type\":\"SearchAction\",\"target\":{\"@type\":\"EntryPoint\",\"urlTemplate\":\"https:\\\/\\\/truckleie.no\\\/?s={search_term_string}\"},\"query-input\":{\"@type\":\"PropertyValueSpecification\",\"valueRequired\":true,\"valueName\":\"search_term_string\"}}],\"inLanguage\":\"nb-NO\"},{\"@type\":\"Organization\",\"@id\":\"https:\\\/\\\/truckleie.no\\\/#organization\",\"name\":\"truckleie.no\",\"url\":\"https:\\\/\\\/truckleie.no\\\/\",\"logo\":{\"@type\":\"ImageObject\",\"inLanguage\":\"nb-NO\",\"@id\":\"https:\\\/\\\/truckleie.no\\\/#\\\/schema\\\/logo\\\/image\\\/\",\"url\":\"https:\\\/\\\/i0.wp.com\\\/truckleie.no\\\/wp-content\\\/uploads\\\/2019\\\/12\\\/truckleie-scaled.jpg?fit=2560%2C2249&ssl=1\",\"contentUrl\":\"https:\\\/\\\/i0.wp.com\\\/truckleie.no\\\/wp-content\\\/uploads\\\/2019\\\/12\\\/truckleie-scaled.jpg?fit=2560%2C2249&ssl=1\",\"width\":2560,\"height\":2249,\"caption\":\"truckleie.no\"},\"image\":{\"@id\":\"https:\\\/\\\/truckleie.no\\\/#\\\/schema\\\/logo\\\/image\\\/\"}}]}<\/script>\n<meta property=\"product:price:amount\" content=\"1750.00\" \/>\n<meta property=\"product:price:currency\" content=\"NOK\" \/>\n<meta property=\"og:availability\" content=\"instock\" \/>\n<meta property=\"product:availability\" content=\"instock\" \/>\n<meta property=\"product:condition\" content=\"new\" \/>\n<!-- \/ Yoast SEO Premium plugin. -->","yoast_head_json":{"title":"Utleie CDD10RE Pallestabler 1000 kg - 3 mtr - Truckleie","description":"Lei Pallestabler p\u00e5 kort eller lang tid. PSWS10S er et godt alternativ. 3 Mtr L\u00f8fteh\u00f8yde . 1000 kg l\u00f8ftekapasitet","robots":{"index":"index","follow":"follow","max-snippet":"max-snippet:-1","max-image-preview":"max-image-preview:large","max-video-preview":"max-video-preview:-1"},"canonical":"https:\/\/truckleie.no\/?product=psw10s-pallestabler-1000-kg-3-mtr","og_locale":"nb_NO","og_type":"article","og_title":"CDD10RE Pallestabler 1000 kg - 3 mtr","og_description":"Lei Pallestabler p\u00e5 kort eller lang tid. PSWS10S er et godt alternativ. 3 Mtr L\u00f8fteh\u00f8yde . 1000 kg l\u00f8ftekapasitet","og_url":"https:\/\/truckleie.no\/?product=psw10s-pallestabler-1000-kg-3-mtr","og_site_name":"Truckleie","article_modified_time":"2021-02-14T12:21:49+00:00","og_image":[{"width":2022,"height":2560,"url":"https:\/\/i0.wp.com\/truckleie.no\/wp-content\/uploads\/2019\/12\/CDD10R-ES-2-scaled.jpg?fit=2022%2C2560&ssl=1","type":"image\/jpeg"}],"twitter_card":"summary_large_image","twitter_misc":{"Pris":"&#107;&#114;&nbsp;1 750,00","Availability":"In stock"},"schema":{"@context":"https:\/\/schema.org","@graph":[{"@type":"WebPage","@id":"https:\/\/truckleie.no\/?product=psw10s-pallestabler-1000-kg-3-mtr","url":"https:\/\/truckleie.no\/?product=psw10s-pallestabler-1000-kg-3-mtr","name":"Utleie CDD10RE Pallestabler 1000 kg - 3 mtr - Truckleie","isPartOf":{"@id":"https:\/\/truckleie.no\/#website"},"primaryImageOfPage":{"@id":"https:\/\/truckleie.no\/?product=psw10s-pallestabler-1000-kg-3-mtr#primaryimage"},"image":{"@id":"https:\/\/truckleie.no\/?product=psw10s-pallestabler-1000-kg-3-mtr#primaryimage"},"thumbnailUrl":"https:\/\/i0.wp.com\/truckleie.no\/wp-content\/uploads\/2019\/12\/CDD10R-ES-2-scaled.jpg?fit=2022%2C2560&ssl=1","datePublished":"2019-12-26T19:16:15+00:00","dateModified":"2021-02-14T12:21:49+00:00","description":"Lei Pallestabler p\u00e5 kort eller lang tid. PSWS10S er et godt alternativ. 3 Mtr L\u00f8fteh\u00f8yde . 1000 kg l\u00f8ftekapasitet","breadcrumb":{"@id":"https:\/\/truckleie.no\/?product=psw10s-pallestabler-1000-kg-3-mtr#breadcrumb"},"inLanguage":"nb-NO","potentialAction":[{"@type":"ReadAction","target":["https:\/\/truckleie.no\/?product=psw10s-pallestabler-1000-kg-3-mtr"]}]},{"@type":"ImageObject","inLanguage":"nb-NO","@id":"https:\/\/truckleie.no\/?product=psw10s-pallestabler-1000-kg-3-mtr#primaryimage","url":"https:\/\/i0.wp.com\/truckleie.no\/wp-content\/uploads\/2019\/12\/CDD10R-ES-2-scaled.jpg?fit=2022%2C2560&ssl=1","contentUrl":"https:\/\/i0.wp.com\/truckleie.no\/wp-content\/uploads\/2019\/12\/CDD10R-ES-2-scaled.jpg?fit=2022%2C2560&ssl=1","width":2022,"height":2560,"caption":"pallestabler"},{"@type":"BreadcrumbList","@id":"https:\/\/truckleie.no\/?product=psw10s-pallestabler-1000-kg-3-mtr#breadcrumb","itemListElement":[{"@type":"ListItem","position":1,"name":"Truckleie","item":"https:\/\/truckleie.no\/?page_id=1768"},{"@type":"ListItem","position":2,"name":"Butikk","item":"https:\/\/truckleie.no\/?page_id=6"},{"@type":"ListItem","position":3,"name":"Ledetrucker","item":"https:\/\/truckleie.no\/?product_cat=ledetrucker"},{"@type":"ListItem","position":4,"name":"Pallestablere","item":"https:\/\/truckleie.no\/?product_cat=pallestablere"},{"@type":"ListItem","position":5,"name":"utleoie av pallestabler"}]},{"@type":"WebSite","@id":"https:\/\/truckleie.no\/#website","url":"https:\/\/truckleie.no\/","name":"Truckleie","description":"SCANLIFT leier ut l\u00f8ftemateriell for transport og logistikk","publisher":{"@id":"https:\/\/truckleie.no\/#organization"},"potentialAction":[{"@type":"SearchAction","target":{"@type":"EntryPoint","urlTemplate":"https:\/\/truckleie.no\/?s={search_term_string}"},"query-input":{"@type":"PropertyValueSpecification","valueRequired":true,"valueName":"search_term_string"}}],"inLanguage":"nb-NO"},{"@type":"Organization","@id":"https:\/\/truckleie.no\/#organization","name":"truckleie.no","url":"https:\/\/truckleie.no\/","logo":{"@type":"ImageObject","inLanguage":"nb-NO","@id":"https:\/\/truckleie.no\/#\/schema\/logo\/image\/","url":"https:\/\/i0.wp.com\/truckleie.no\/wp-content\/uploads\/2019\/12\/truckleie-scaled.jpg?fit=2560%2C2249&ssl=1","contentUrl":"https:\/\/i0.wp.com\/truckleie.no\/wp-content\/uploads\/2019\/12\/truckleie-scaled.jpg?fit=2560%2C2249&ssl=1","width":2560,"height":2249,"caption":"truckleie.no"},"image":{"@id":"https:\/\/truckleie.no\/#\/schema\/logo\/image\/"}}]},"product_price_amount":"1750.00","product_price_currency":"NOK","og_availability":"instock","product_availability":"instock","product_condition":"new"},"jetpack_sharing_enabled":true,"_links":{"self":[{"href":"https:\/\/truckleie.no\/index.php?rest_route=\/wp\/v2\/product\/393","targetHints":{"allow":["GET"]}}],"collection":[{"href":"https:\/\/truckleie.no\/index.php?rest_route=\/wp\/v2\/product"}],"about":[{"href":"https:\/\/truckleie.no\/index.php?rest_route=\/wp\/v2\/types\/product"}],"version-history":[{"count":2,"href":"https:\/\/truckleie.no\/index.php?rest_route=\/wp\/v2\/product\/393\/revisions"}],"predecessor-version":[{"id":1790,"href":"https:\/\/truckleie.no\/index.php?rest_route=\/wp\/v2\/product\/393\/revisions\/1790"}],"wp:featuredmedia":[{"embeddable":true,"href":"https:\/\/truckleie.no\/index.php?rest_route=\/wp\/v2\/media\/507"}],"wp:attachment":[{"href":"https:\/\/truckleie.no\/index.php?rest_route=%2Fwp%2Fv2%2Fmedia&parent=393"}],"wp:term":[{"taxonomy":"product_brand","embeddable":true,"href":"https:\/\/truckleie.no\/index.php?rest_route=%2Fwp%2Fv2%2Fproduct_brand&post=393"},{"taxonomy":"product_cat","embeddable":true,"href":"https:\/\/truckleie.no\/index.php?rest_route=%2Fwp%2Fv2%2Fproduct_cat&post=393"},{"taxonomy":"product_tag","embeddable":true,"href":"https:\/\/truckleie.no\/index.php?rest_route=%2Fwp%2Fv2%2Fproduct_tag&post=393"}],"curies":[{"name":"wp","href":"https:\/\/api.w.org\/{rel}","templated":true}]}}