{"id":402,"date":"2019-12-26T20:40:27","date_gmt":"2019-12-26T19:40:27","guid":{"rendered":"http:\/\/ny.truckleie.no\/?post_type=product&#038;p=402"},"modified":"2026-02-23T22:43:56","modified_gmt":"2026-02-23T21:43:56","slug":"minigraver-ct18-6l","status":"publish","type":"product","link":"https:\/\/truckleie.no\/?product=minigraver-ct18-6l","title":{"rendered":"Minigraver CT18-6L"},"content":{"rendered":"<ul>\n<li>Minigraver for deg som vil gj\u00f8re jobben selv, &#8211; rimeligst<\/li>\n<li>Kraftig LFD385 Diesel, 18,6 kW motor, stilleg\u00e5ende, \u00f8konomisk og kraftig.<\/li>\n<li>Hydraulikkomponenter av h\u00f8y kvalitet. Hydro controlventil fra Italia<\/li>\n<li>Eaton drifts- og rotasjonsmotor, gummibelter og justerbart chassis.<\/li>\n<li>Sv\u00e6rt gode driftsegenskaper under trange arbeidsforhold<\/li>\n<li>Hydraulisk hurtigfeste for rask tilkobling av forskjellig utstyr (Option)<\/li>\n<li>Flere typer skuffer, pigger og bor kan p\u00e5monteres<\/li>\n<li>CE Sertifisert med samsvarserkl\u00e6ring. Fullstandig og god dokumentasjon<\/li>\n<li><a href=\"https:\/\/www.scanlift.no\/wp-content\/uploads\/2019\/04\/CT18-6LNy-Spesifikasjoner.pdf\">CT18 6LNy Spesifikasjoner<\/a><\/li>\n<\/ul>\n","protected":false},"excerpt":{"rendered":"<p>Minigraver som f\u00e5r jobben gjort i allslags v\u00e6r. Hvorfor eie, &#8211; n\u00e5r du kan leie ! Pris pr D\u00f8gn eks mva, FOB Oslo inkl. graveskuffe 40 cm.<\/p>\n","protected":false},"featured_media":404,"template":"","meta":[],"product_brand":[],"product_cat":[15],"product_tag":[48,47],"class_list":{"0":"post-402","1":"product","2":"type-product","3":"status-publish","4":"has-post-thumbnail","6":"product_cat-diverse","7":"product_tag-gravemaskin","8":"product_tag-minigraver","10":"first","11":"instock","12":"taxable","13":"shipping-taxable","14":"purchasable","15":"product-type-simple"},"yoast_head":"<!-- This site is optimized with the Yoast SEO Premium plugin v27.0 (Yoast SEO v27.3) - https:\/\/yoast.com\/product\/yoast-seo-premium-wordpress\/ -->\n<title>Leie Minigraver CT18-6L - Truckleie<\/title>\n<meta name=\"description\" content=\"Utleie av minigraver\" \/>\n<meta name=\"robots\" content=\"index, follow, max-snippet:-1, max-image-preview:large, max-video-preview:-1\" \/>\n<link rel=\"canonical\" href=\"https:\/\/truckleie.no\/?product=minigraver-ct18-6l\" \/>\n<meta property=\"og:locale\" content=\"nb_NO\" \/>\n<meta property=\"og:type\" content=\"article\" \/>\n<meta property=\"og:title\" content=\"Minigraver CT18-6L\" \/>\n<meta property=\"og:description\" content=\"Utleie av minigraver\" \/>\n<meta property=\"og:url\" content=\"https:\/\/truckleie.no\/?product=minigraver-ct18-6l\" \/>\n<meta property=\"og:site_name\" content=\"Truckleie\" \/>\n<meta property=\"article:modified_time\" content=\"2026-02-23T21:43:56+00:00\" \/>\n<meta property=\"og:image\" content=\"https:\/\/truckleie.no\/wp-content\/uploads\/2019\/12\/carter1.3-scaled.jpg\" \/>\n\t<meta property=\"og:image:width\" content=\"2560\" \/>\n\t<meta property=\"og:image:height\" content=\"1440\" \/>\n\t<meta property=\"og:image:type\" content=\"image\/jpeg\" \/>\n<meta name=\"twitter:card\" content=\"summary_large_image\" \/>\n<meta name=\"twitter:label1\" content=\"Pris\" \/>\n\t<meta name=\"twitter:data1\" content=\"&#107;&#114;&nbsp;2 500,00\" \/>\n\t<meta name=\"twitter:label2\" content=\"Availability\" \/>\n\t<meta name=\"twitter:data2\" content=\"In stock\" \/>\n<script type=\"application\/ld+json\" class=\"yoast-schema-graph\">{\"@context\":\"https:\\\/\\\/schema.org\",\"@graph\":[{\"@type\":\"WebPage\",\"@id\":\"https:\\\/\\\/truckleie.no\\\/?product=minigraver-ct18-6l\",\"url\":\"https:\\\/\\\/truckleie.no\\\/?product=minigraver-ct18-6l\",\"name\":\"Leie Minigraver CT18-6L - Truckleie\",\"isPartOf\":{\"@id\":\"https:\\\/\\\/truckleie.no\\\/#website\"},\"primaryImageOfPage\":{\"@id\":\"https:\\\/\\\/truckleie.no\\\/?product=minigraver-ct18-6l#primaryimage\"},\"image\":{\"@id\":\"https:\\\/\\\/truckleie.no\\\/?product=minigraver-ct18-6l#primaryimage\"},\"thumbnailUrl\":\"https:\\\/\\\/i0.wp.com\\\/truckleie.no\\\/wp-content\\\/uploads\\\/2019\\\/12\\\/carter1.3-scaled.jpg?fit=2560%2C1440&ssl=1\",\"datePublished\":\"2019-12-26T19:40:27+00:00\",\"dateModified\":\"2026-02-23T21:43:56+00:00\",\"description\":\"Utleie av minigraver\",\"breadcrumb\":{\"@id\":\"https:\\\/\\\/truckleie.no\\\/?product=minigraver-ct18-6l#breadcrumb\"},\"inLanguage\":\"nb-NO\",\"potentialAction\":[{\"@type\":\"ReadAction\",\"target\":[\"https:\\\/\\\/truckleie.no\\\/?product=minigraver-ct18-6l\"]}]},{\"@type\":\"ImageObject\",\"inLanguage\":\"nb-NO\",\"@id\":\"https:\\\/\\\/truckleie.no\\\/?product=minigraver-ct18-6l#primaryimage\",\"url\":\"https:\\\/\\\/i0.wp.com\\\/truckleie.no\\\/wp-content\\\/uploads\\\/2019\\\/12\\\/carter1.3-scaled.jpg?fit=2560%2C1440&ssl=1\",\"contentUrl\":\"https:\\\/\\\/i0.wp.com\\\/truckleie.no\\\/wp-content\\\/uploads\\\/2019\\\/12\\\/carter1.3-scaled.jpg?fit=2560%2C1440&ssl=1\",\"width\":2560,\"height\":1440},{\"@type\":\"BreadcrumbList\",\"@id\":\"https:\\\/\\\/truckleie.no\\\/?product=minigraver-ct18-6l#breadcrumb\",\"itemListElement\":[{\"@type\":\"ListItem\",\"position\":1,\"name\":\"Truckleie\",\"item\":\"https:\\\/\\\/truckleie.no\\\/?page_id=1768\"},{\"@type\":\"ListItem\",\"position\":2,\"name\":\"Butikk\",\"item\":\"https:\\\/\\\/truckleie.no\\\/?page_id=6\"},{\"@type\":\"ListItem\",\"position\":3,\"name\":\"Diverse Logistikkmateriell\",\"item\":\"https:\\\/\\\/truckleie.no\\\/?product_cat=diverse\"},{\"@type\":\"ListItem\",\"position\":4,\"name\":\"Minigraver CT18-6L\"}]},{\"@type\":\"WebSite\",\"@id\":\"https:\\\/\\\/truckleie.no\\\/#website\",\"url\":\"https:\\\/\\\/truckleie.no\\\/\",\"name\":\"Truckleie\",\"description\":\"SCANLIFT leier ut l\u00f8ftemateriell for transport og logistikk\",\"publisher\":{\"@id\":\"https:\\\/\\\/truckleie.no\\\/#organization\"},\"potentialAction\":[{\"@type\":\"SearchAction\",\"target\":{\"@type\":\"EntryPoint\",\"urlTemplate\":\"https:\\\/\\\/truckleie.no\\\/?s={search_term_string}\"},\"query-input\":{\"@type\":\"PropertyValueSpecification\",\"valueRequired\":true,\"valueName\":\"search_term_string\"}}],\"inLanguage\":\"nb-NO\"},{\"@type\":\"Organization\",\"@id\":\"https:\\\/\\\/truckleie.no\\\/#organization\",\"name\":\"truckleie.no\",\"url\":\"https:\\\/\\\/truckleie.no\\\/\",\"logo\":{\"@type\":\"ImageObject\",\"inLanguage\":\"nb-NO\",\"@id\":\"https:\\\/\\\/truckleie.no\\\/#\\\/schema\\\/logo\\\/image\\\/\",\"url\":\"https:\\\/\\\/i0.wp.com\\\/truckleie.no\\\/wp-content\\\/uploads\\\/2019\\\/12\\\/truckleie-scaled.jpg?fit=2560%2C2249&ssl=1\",\"contentUrl\":\"https:\\\/\\\/i0.wp.com\\\/truckleie.no\\\/wp-content\\\/uploads\\\/2019\\\/12\\\/truckleie-scaled.jpg?fit=2560%2C2249&ssl=1\",\"width\":2560,\"height\":2249,\"caption\":\"truckleie.no\"},\"image\":{\"@id\":\"https:\\\/\\\/truckleie.no\\\/#\\\/schema\\\/logo\\\/image\\\/\"}}]}<\/script>\n<meta property=\"product:price:amount\" content=\"2500.00\" \/>\n<meta property=\"product:price:currency\" content=\"NOK\" \/>\n<meta property=\"og:availability\" content=\"instock\" \/>\n<meta property=\"product:availability\" content=\"instock\" \/>\n<meta property=\"product:condition\" content=\"new\" \/>\n<!-- \/ Yoast SEO Premium plugin. -->","yoast_head_json":{"title":"Leie Minigraver CT18-6L - Truckleie","description":"Utleie av minigraver","robots":{"index":"index","follow":"follow","max-snippet":"max-snippet:-1","max-image-preview":"max-image-preview:large","max-video-preview":"max-video-preview:-1"},"canonical":"https:\/\/truckleie.no\/?product=minigraver-ct18-6l","og_locale":"nb_NO","og_type":"article","og_title":"Minigraver CT18-6L","og_description":"Utleie av minigraver","og_url":"https:\/\/truckleie.no\/?product=minigraver-ct18-6l","og_site_name":"Truckleie","article_modified_time":"2026-02-23T21:43:56+00:00","og_image":[{"width":2560,"height":1440,"url":"https:\/\/truckleie.no\/wp-content\/uploads\/2019\/12\/carter1.3-scaled.jpg","type":"image\/jpeg"}],"twitter_card":"summary_large_image","twitter_misc":{"Pris":"&#107;&#114;&nbsp;2 500,00","Availability":"In stock"},"schema":{"@context":"https:\/\/schema.org","@graph":[{"@type":"WebPage","@id":"https:\/\/truckleie.no\/?product=minigraver-ct18-6l","url":"https:\/\/truckleie.no\/?product=minigraver-ct18-6l","name":"Leie Minigraver CT18-6L - Truckleie","isPartOf":{"@id":"https:\/\/truckleie.no\/#website"},"primaryImageOfPage":{"@id":"https:\/\/truckleie.no\/?product=minigraver-ct18-6l#primaryimage"},"image":{"@id":"https:\/\/truckleie.no\/?product=minigraver-ct18-6l#primaryimage"},"thumbnailUrl":"https:\/\/i0.wp.com\/truckleie.no\/wp-content\/uploads\/2019\/12\/carter1.3-scaled.jpg?fit=2560%2C1440&ssl=1","datePublished":"2019-12-26T19:40:27+00:00","dateModified":"2026-02-23T21:43:56+00:00","description":"Utleie av minigraver","breadcrumb":{"@id":"https:\/\/truckleie.no\/?product=minigraver-ct18-6l#breadcrumb"},"inLanguage":"nb-NO","potentialAction":[{"@type":"ReadAction","target":["https:\/\/truckleie.no\/?product=minigraver-ct18-6l"]}]},{"@type":"ImageObject","inLanguage":"nb-NO","@id":"https:\/\/truckleie.no\/?product=minigraver-ct18-6l#primaryimage","url":"https:\/\/i0.wp.com\/truckleie.no\/wp-content\/uploads\/2019\/12\/carter1.3-scaled.jpg?fit=2560%2C1440&ssl=1","contentUrl":"https:\/\/i0.wp.com\/truckleie.no\/wp-content\/uploads\/2019\/12\/carter1.3-scaled.jpg?fit=2560%2C1440&ssl=1","width":2560,"height":1440},{"@type":"BreadcrumbList","@id":"https:\/\/truckleie.no\/?product=minigraver-ct18-6l#breadcrumb","itemListElement":[{"@type":"ListItem","position":1,"name":"Truckleie","item":"https:\/\/truckleie.no\/?page_id=1768"},{"@type":"ListItem","position":2,"name":"Butikk","item":"https:\/\/truckleie.no\/?page_id=6"},{"@type":"ListItem","position":3,"name":"Diverse Logistikkmateriell","item":"https:\/\/truckleie.no\/?product_cat=diverse"},{"@type":"ListItem","position":4,"name":"Minigraver CT18-6L"}]},{"@type":"WebSite","@id":"https:\/\/truckleie.no\/#website","url":"https:\/\/truckleie.no\/","name":"Truckleie","description":"SCANLIFT leier ut l\u00f8ftemateriell for transport og logistikk","publisher":{"@id":"https:\/\/truckleie.no\/#organization"},"potentialAction":[{"@type":"SearchAction","target":{"@type":"EntryPoint","urlTemplate":"https:\/\/truckleie.no\/?s={search_term_string}"},"query-input":{"@type":"PropertyValueSpecification","valueRequired":true,"valueName":"search_term_string"}}],"inLanguage":"nb-NO"},{"@type":"Organization","@id":"https:\/\/truckleie.no\/#organization","name":"truckleie.no","url":"https:\/\/truckleie.no\/","logo":{"@type":"ImageObject","inLanguage":"nb-NO","@id":"https:\/\/truckleie.no\/#\/schema\/logo\/image\/","url":"https:\/\/i0.wp.com\/truckleie.no\/wp-content\/uploads\/2019\/12\/truckleie-scaled.jpg?fit=2560%2C2249&ssl=1","contentUrl":"https:\/\/i0.wp.com\/truckleie.no\/wp-content\/uploads\/2019\/12\/truckleie-scaled.jpg?fit=2560%2C2249&ssl=1","width":2560,"height":2249,"caption":"truckleie.no"},"image":{"@id":"https:\/\/truckleie.no\/#\/schema\/logo\/image\/"}}]},"product_price_amount":"2500.00","product_price_currency":"NOK","og_availability":"instock","product_availability":"instock","product_condition":"new"},"jetpack_sharing_enabled":true,"_links":{"self":[{"href":"https:\/\/truckleie.no\/index.php?rest_route=\/wp\/v2\/product\/402","targetHints":{"allow":["GET"]}}],"collection":[{"href":"https:\/\/truckleie.no\/index.php?rest_route=\/wp\/v2\/product"}],"about":[{"href":"https:\/\/truckleie.no\/index.php?rest_route=\/wp\/v2\/types\/product"}],"version-history":[{"count":1,"href":"https:\/\/truckleie.no\/index.php?rest_route=\/wp\/v2\/product\/402\/revisions"}],"predecessor-version":[{"id":412,"href":"https:\/\/truckleie.no\/index.php?rest_route=\/wp\/v2\/product\/402\/revisions\/412"}],"wp:featuredmedia":[{"embeddable":true,"href":"https:\/\/truckleie.no\/index.php?rest_route=\/wp\/v2\/media\/404"}],"wp:attachment":[{"href":"https:\/\/truckleie.no\/index.php?rest_route=%2Fwp%2Fv2%2Fmedia&parent=402"}],"wp:term":[{"taxonomy":"product_brand","embeddable":true,"href":"https:\/\/truckleie.no\/index.php?rest_route=%2Fwp%2Fv2%2Fproduct_brand&post=402"},{"taxonomy":"product_cat","embeddable":true,"href":"https:\/\/truckleie.no\/index.php?rest_route=%2Fwp%2Fv2%2Fproduct_cat&post=402"},{"taxonomy":"product_tag","embeddable":true,"href":"https:\/\/truckleie.no\/index.php?rest_route=%2Fwp%2Fv2%2Fproduct_tag&post=402"}],"curies":[{"name":"wp","href":"https:\/\/api.w.org\/{rel}","templated":true}]}}